{"id":3320,"date":"2022-05-14T16:54:26","date_gmt":"2022-05-14T16:54:26","guid":{"rendered":"https:\/\/anchor-travel.com\/?post_type=product&#038;p=3320"},"modified":"2023-05-10T16:10:39","modified_gmt":"2023-05-10T16:10:39","slug":"grecotel-daphnila-bay-dassia","status":"publish","type":"product","link":"https:\/\/anchor-travel.ro\/?product=grecotel-daphnila-bay-dassia","title":{"rendered":"GRECOTEL DAPHNILA BAY DASSIA"},"content":{"rendered":"<p>\u2b50\ufe0f\u2b50\ufe0f\u2b50\ufe0f\u2b50\ufe0f\u2b50\ufe0f<\/p>\n<p>Este situat la intersec\u021bia renumitei pie\u021be \u201ePra\u00e7a Do Marqu\u00eas De Pombal\u201d cu a celui mai glamour bulevard din Lisabona, \u201eAvenida Da Liberdade\u201d, \u00een apropierea centrelor culturale \u0219i istorice ale ora\u0219ului.<\/p>\n<p><strong>Facilit\u0103\u021bi: <\/strong> 3 restaurante, lobby bar \u0219i green urban-garden, sky pool lounge exclusiv pentru oaspe\u021bi,\u00a0 Sayanna Wellness Spa, centru de congrese \u0219i evenimente cu 18 s\u0103li de \u0219edin\u021be \u0219i sal\u0103 de bal, parcare.<\/p>\n<p><span style=\"color: #800000;\"><strong>Cazare: <\/strong>decorate cu bun gust, mobilier modern, dotate cu TV LCD, acces gratuit la WI-FI, seif, minibar, facilit\u0103\u021bi pentru prepararea ceaiului \u0219i a cafelei.<\/span><\/p>\n","protected":false},"excerpt":{"rendered":"<p><strong>perioada de c\u0103l\u0103torie: 1 Mai \u2013 30 August 2022<\/strong><br \/>\n<strong>de la 115 Euro<\/strong>\/noapte\/persoan\u0103 cazare \u00een camer\u0103 dubl\u0103 deluxe\/mic dejun<\/p>\n<p>zbor Otopeni \u2013 Lisabona, compania Wizz Air<br \/>\n<strong>de la 120 Euro\/persoan\u0103\/bilet de avion dus-\u00eentors cu taxe de aeroport \u0219i bagaj de m\u00e2n\u0103 mic incluse<\/strong><\/p>\n<p><strong>Activit\u0103<\/strong><strong>\u021b<\/strong><strong>i op<\/strong><strong>\u021b<\/strong><strong>ionale:<\/strong><br \/>\nTur Lisabona cu TUK TUK: de la 55 Euro\/persoana<br \/>\nSpectacol Fado: de la 20 Euro\/persoana<br \/>\nVizit\u0103 Sintra, Colares, Cabo da Rocha, Cascais and Estoril: de la 75 Euro\/persoana<\/p>\n<p>&nbsp;<\/p>\n<p>Detalii suplimentare \u0219i rezerv\u0103ri la<br \/>\ne-mail:<strong><span style=\"color: #800000;\"><a style=\"color: #800000;\" href=\"mailto:incoming@anchor-travel.ro\" target=\"_blank\" rel=\"noopener\">outgoing@anchor-travel.ro<\/a><\/span><\/strong><span style=\"color: #000000;\"><br \/>\n<strong><span style=\"color: #800000;\">Tel: +40 21 529 77 51\/2\/3<\/span><\/strong><\/span><\/p>\n","protected":false},"featured_media":3327,"template":"","meta":[],"product_cat":[23],"product_tag":[],"class_list":{"0":"post-3320","1":"product","2":"type-product","3":"status-publish","4":"has-post-thumbnail","6":"product_cat-uncategorized","8":"first","9":"instock","10":"shipping-taxable","11":"product-type-simple"},"_links":{"self":[{"href":"https:\/\/anchor-travel.ro\/index.php?rest_route=\/wp\/v2\/product\/3320","targetHints":{"allow":["GET"]}}],"collection":[{"href":"https:\/\/anchor-travel.ro\/index.php?rest_route=\/wp\/v2\/product"}],"about":[{"href":"https:\/\/anchor-travel.ro\/index.php?rest_route=\/wp\/v2\/types\/product"}],"version-history":[{"count":2,"href":"https:\/\/anchor-travel.ro\/index.php?rest_route=\/wp\/v2\/product\/3320\/revisions"}],"predecessor-version":[{"id":3443,"href":"https:\/\/anchor-travel.ro\/index.php?rest_route=\/wp\/v2\/product\/3320\/revisions\/3443"}],"wp:featuredmedia":[{"embeddable":true,"href":"https:\/\/anchor-travel.ro\/index.php?rest_route=\/wp\/v2\/media\/3327"}],"wp:attachment":[{"href":"https:\/\/anchor-travel.ro\/index.php?rest_route=%2Fwp%2Fv2%2Fmedia&parent=3320"}],"wp:term":[{"taxonomy":"product_cat","embeddable":true,"href":"https:\/\/anchor-travel.ro\/index.php?rest_route=%2Fwp%2Fv2%2Fproduct_cat&post=3320"},{"taxonomy":"product_tag","embeddable":true,"href":"https:\/\/anchor-travel.ro\/index.php?rest_route=%2Fwp%2Fv2%2Fproduct_tag&post=3320"}],"curies":[{"name":"wp","href":"https:\/\/api.w.org\/{rel}","templated":true}]}}