{"id":3236,"date":"2022-05-14T15:51:38","date_gmt":"2022-05-14T15:51:38","guid":{"rendered":"https:\/\/anchor-travel.com\/?post_type=product&#038;p=3236"},"modified":"2022-05-14T15:55:30","modified_gmt":"2022-05-14T15:55:30","slug":"grecotel-amirandes-exclusive","status":"publish","type":"product","link":"https:\/\/anchor-travel.ro\/?product=grecotel-amirandes-exclusive","title":{"rendered":"GRECOTEL AMIRANDES EXCLUSIVE"},"content":{"rendered":"<p>\u2b50\ufe0f\u2b50\ufe0f\u2b50\ufe0f\u2b50\ufe0f\u2b50\ufe0f<\/p>\n<p>Este situat la 18 km de aeroportul Heraklion, la 2 km de localitatea Gouves, pe malul m\u0103rii.<\/p>\n<p><strong>Facilit\u0103\u021bi:<\/strong>7 restaurante (meniu dietetic la cerere &#8211; gratuit), 3 baruri, piscin\u0103 exterioar\u0103 cu ap\u0103 de mare (de dimensiuni olimpice), piscin\u0103 interioar\u0103 cu apa dulce \u0219i \u00eenc\u0103lzit\u0103 (\u00een lunile aprilie \u0219i octombrie), centru SPA, sal\u0103 de conferin\u0163e (400 pers.), amfiteatru,\u00a0 biseric\u0103 greceasc\u0103, magazine, parcare, schimb valutar, internet WiFi (gratuit), medic (la cerere, contra cost).<\/p>\n<p><span style=\"color: #800000;\"><strong>Cazare: <\/strong>camerele sunt dotate cu baie cu cad\u0103\/du\u015f, halate \u015fi papuci, usc\u0103tor de p\u0103r, aer condi\u0163ionat, seif, TV, telefon, minibar (contra cost), fierb\u0103tor (ceai\/cafea).<\/span><\/p>\n","protected":false},"excerpt":{"rendered":"<p>de la <strong>2100 Euro\/persoan\u0103<\/strong>, loc \u00een camera dubl\u0103 superior cu vedere la gr\u0103din\u0103 \u0219i mic dejun\/\u00a0 \u00a0pachet servicii<br \/>\n<strong>date de plecare : 12,19,26 iulie, 2, 9, 16 ,23\u00a0 august<\/strong><\/p>\n<p>de la <strong>1500 Euro\/persoan\u0103<\/strong>, loc \u00een camera dubl\u0103 superior cu vedere la gr\u0103din\u0103 \u0219i mic dejun\/ pachet servicii<br \/>\n<strong>date de plecare : 7, 14, 21 ,28\u00a0 iunie, 05 iulie, 30\u00a0 august, 6,13 septembrie<\/strong><\/p>\n<p>de la <strong>1170 Euro\/persoan\u0103<\/strong>, loc \u00een camera dubl\u0103 superior cu vedere la gr\u0103din\u0103 \u0219i mic dejun\/ pachet servicii<br \/>\n<strong>date de plecare : 20 ,27 septembrie, 4 octombrie\u00a0<\/strong><\/p>\n<p><strong>Servicii incluse:<\/strong><br \/>\n\u25d9 bilet de avion curs\u0103 charter Bucure\u0219ti &#8211; Heraklion \u0219i retur cu taxele de aeroport incluse<br \/>\n\u25d9 cazare 7 nop\u021bi \u00een camer\u0103 dubl\u0103 superior cu vedere la gr\u0103din\u0103 \u0219i mic dejun<br \/>\n\u25d9 transfer de grup aeroport &#8211; hotel &#8211; aeroport<br \/>\n\u25d9 asisten\u021b\u0103 turistic\u0103<\/p>\n<p><strong>Nu sunt incluse: <\/strong><\/p>\n<p>asigurare medical\u0103 de c\u0103l\u0103torie \u0219i asigurare STORNO cu protec\u021bie COVID-19 inclus\u0103<br \/>\ntaxa de ora\u0219 (se achit\u0103 direct la recep\u021bia hotelului)<br \/>\nexcursiile op\u021bionale \u0219i intr\u0103rile la obiective turistice<\/p>\n<p>Detalii suplimentare \u0219i rezerv\u0103ri la<br \/>\ne-mail:<strong><span style=\"color: #800000;\"><a style=\"color: #800000;\" href=\"mailto:incoming@anchor-travel.ro\" target=\"_blank\" rel=\"noopener\">outgoing@anchor-travel.ro<\/a><\/span><\/strong><span style=\"color: #000000;\"><br \/>\n<strong><span style=\"color: #800000;\">Tel: +40 21 529 77 51\/2\/3<\/span><\/strong><\/span><\/p>\n","protected":false},"featured_media":3228,"template":"","meta":[],"product_cat":[23],"product_tag":[],"class_list":{"0":"post-3236","1":"product","2":"type-product","3":"status-publish","4":"has-post-thumbnail","6":"product_cat-uncategorized","8":"first","9":"instock","10":"shipping-taxable","11":"product-type-simple"},"_links":{"self":[{"href":"https:\/\/anchor-travel.ro\/index.php?rest_route=\/wp\/v2\/product\/3236","targetHints":{"allow":["GET"]}}],"collection":[{"href":"https:\/\/anchor-travel.ro\/index.php?rest_route=\/wp\/v2\/product"}],"about":[{"href":"https:\/\/anchor-travel.ro\/index.php?rest_route=\/wp\/v2\/types\/product"}],"version-history":[{"count":1,"href":"https:\/\/anchor-travel.ro\/index.php?rest_route=\/wp\/v2\/product\/3236\/revisions"}],"predecessor-version":[{"id":3240,"href":"https:\/\/anchor-travel.ro\/index.php?rest_route=\/wp\/v2\/product\/3236\/revisions\/3240"}],"wp:featuredmedia":[{"embeddable":true,"href":"https:\/\/anchor-travel.ro\/index.php?rest_route=\/wp\/v2\/media\/3228"}],"wp:attachment":[{"href":"https:\/\/anchor-travel.ro\/index.php?rest_route=%2Fwp%2Fv2%2Fmedia&parent=3236"}],"wp:term":[{"taxonomy":"product_cat","embeddable":true,"href":"https:\/\/anchor-travel.ro\/index.php?rest_route=%2Fwp%2Fv2%2Fproduct_cat&post=3236"},{"taxonomy":"product_tag","embeddable":true,"href":"https:\/\/anchor-travel.ro\/index.php?rest_route=%2Fwp%2Fv2%2Fproduct_tag&post=3236"}],"curies":[{"name":"wp","href":"https:\/\/api.w.org\/{rel}","templated":true}]}}