{"id":3156,"date":"2022-05-01T09:59:04","date_gmt":"2022-05-01T09:59:04","guid":{"rendered":"https:\/\/anchor-travel.com\/?post_type=product&#038;p=3156"},"modified":"2022-05-01T10:04:20","modified_gmt":"2022-05-01T10:04:20","slug":"amalthia-beach-resort","status":"publish","type":"product","link":"https:\/\/anchor-travel.ro\/?product=amalthia-beach-resort","title":{"rendered":"AMALTHIA BEACH RESORT"},"content":{"rendered":"<p>\u2b50\ufe0f\u2b50\ufe0f\u2b50\ufe0f\u2b50\ufe0f<\/p>\n<p>Situat la 9km Vest de Chania, cu acces direct la plaja de nisip din Aghia Marina, hotelul ofer\u0103 servicii de calitate, \u0219i este recomandat cuplurilor.<\/p>\n<p><strong>Facilit\u0103\u021bi:<\/strong>recep\u021bie 24 ore, restaurant cu specific grecesc \u0219i interna\u021bional, piscin\u0103 exterioar\u0103, bar la piscin\u0103, internet (contra cost). Hotelul este pozi\u021bionat \u00een fa\u021ba plajei late de nisip din Aghia Marina, \u0219ezlonguri \u0219i umbrele la piscin\u0103 sunt gratuite, la plaj\u0103 sunt contra cost.<\/p>\n<p><span style=\"color: #800000;\"><strong>Cazare:<\/strong>dotate cu aer condi\u021bionat, TV satelit, acces Wi-Fi, telefon, seif, mini frigider, baie cu dus, usc\u0103tor de p\u0103r, balcon\/teras\u0103.<\/span><\/p>\n","protected":false},"excerpt":{"rendered":"<p><strong>de la 640 Euro\/persoan\u0103<\/strong> \u00een camer\u0103 dubl\u0103 \u00een cl\u0103direa principal\u0103 cu mic dejun\/ pachet servicii<br \/>\n<strong>date de plecare: 02 iunie, 22 septembrie<\/strong><\/p>\n<p><strong>de la 715 Euro\/persoan\u0103<\/strong> \u00een camer\u0103 dubl\u0103 \u00een cl\u0103direa principal\u0103 cu mic dejun\/ pachet servicii<br \/>\n<strong>date de plecare: 07, 09, 14, 16, 21, 23, 28, 30 iunie, 25, 30 august, 01, 06, 08, 13, 15, 20 septembrie<\/strong><\/p>\n<p><strong>de la 775 Euro\/persoan\u0103<\/strong> \u00een camer\u0103 dubl\u0103 \u00een cl\u0103direa principal\u0103 cu mic dejun\/ pachet servicii<br \/>\n<strong>date de plecare: 05, 07 iulie, 23 august<\/strong><\/p>\n<p><strong>de la 840 Euro\/persoan\u0103<\/strong> \u00een camer\u0103 dubl\u0103 \u00een cl\u0103direa principal\u0103 cui mic dejun\/ pachet servicii<br \/>\n<strong>date de plecare: 12, 14, 21, 26, 28 iulie, 04, 09, 11, 16, 18 august<\/strong><\/p>\n<p><strong>de la 860 Euro\/persoan\u0103<\/strong> \u00een camer\u0103 dubl\u0103 \u00een cl\u0103direa principal\u0103 cui mic dejun\/ pachet servicii<br \/>\n<strong>date de plecare: 19 iulie, 02 august<\/strong><\/p>\n<p><strong>Servicii incluse:<\/strong><br \/>\n\u25d9 bilet de avion curs\u0103 charter Bucure\u0219ti &#8211; Creta Chania \u00a0\u0219i retur cu taxele de aeroport incluse<br \/>\n\u25d9 cazare 7 nop\u021bi \u00een camer\u0103 dubl\u0103 \u00een cl\u0103direa principal\u0103 cu mic dejun<br \/>\n\u25d9 transfer de grup aeroport &#8211; hotel &#8211; aeroport<br \/>\n\u25d9 asisten\u021b\u0103 turistic\u0103<\/p>\n<p><strong>Nu sunt incluse: <\/strong><\/p>\n<p>asigurare medical\u0103 de c\u0103l\u0103torie \u0219i asigurare STORNO cu protec\u021bie COVID-19 inclus\u0103<br \/>\ntaxa de ora\u0219 (se achit\u0103 direct la recep\u021bia hotelului)<br \/>\nexcursiile op\u021bionale \u0219i intr\u0103rile la obiective turistice<\/p>\n<p>Detalii suplimentare \u0219i rezerv\u0103ri la<br \/>\ne-mail:<strong><span style=\"color: #800000;\"><a style=\"color: #800000;\" href=\"mailto:incoming@anchor-travel.ro\" target=\"_blank\" rel=\"noopener\">outgoing@anchor-travel.ro<\/a><\/span><\/strong><span style=\"color: #000000;\"><br \/>\n<strong><span style=\"color: #800000;\">Tel: +40 21 529 77 51\/2\/3<\/span><\/strong><\/span><\/p>\n","protected":false},"featured_media":3160,"template":"","meta":[],"product_cat":[23],"product_tag":[],"class_list":{"0":"post-3156","1":"product","2":"type-product","3":"status-publish","4":"has-post-thumbnail","6":"product_cat-uncategorized","8":"first","9":"instock","10":"shipping-taxable","11":"product-type-simple"},"_links":{"self":[{"href":"https:\/\/anchor-travel.ro\/index.php?rest_route=\/wp\/v2\/product\/3156","targetHints":{"allow":["GET"]}}],"collection":[{"href":"https:\/\/anchor-travel.ro\/index.php?rest_route=\/wp\/v2\/product"}],"about":[{"href":"https:\/\/anchor-travel.ro\/index.php?rest_route=\/wp\/v2\/types\/product"}],"version-history":[{"count":1,"href":"https:\/\/anchor-travel.ro\/index.php?rest_route=\/wp\/v2\/product\/3156\/revisions"}],"predecessor-version":[{"id":3167,"href":"https:\/\/anchor-travel.ro\/index.php?rest_route=\/wp\/v2\/product\/3156\/revisions\/3167"}],"wp:featuredmedia":[{"embeddable":true,"href":"https:\/\/anchor-travel.ro\/index.php?rest_route=\/wp\/v2\/media\/3160"}],"wp:attachment":[{"href":"https:\/\/anchor-travel.ro\/index.php?rest_route=%2Fwp%2Fv2%2Fmedia&parent=3156"}],"wp:term":[{"taxonomy":"product_cat","embeddable":true,"href":"https:\/\/anchor-travel.ro\/index.php?rest_route=%2Fwp%2Fv2%2Fproduct_cat&post=3156"},{"taxonomy":"product_tag","embeddable":true,"href":"https:\/\/anchor-travel.ro\/index.php?rest_route=%2Fwp%2Fv2%2Fproduct_tag&post=3156"}],"curies":[{"name":"wp","href":"https:\/\/api.w.org\/{rel}","templated":true}]}}