{"id":3144,"date":"2022-05-01T09:41:20","date_gmt":"2022-05-01T09:41:20","guid":{"rendered":"https:\/\/anchor-travel.com\/?post_type=product&#038;p=3144"},"modified":"2022-05-01T10:02:52","modified_gmt":"2022-05-01T10:02:52","slug":"almyrida-beach","status":"publish","type":"product","link":"https:\/\/anchor-travel.ro\/?product=almyrida-beach","title":{"rendered":"ALMYRIDA BEACH"},"content":{"rendered":"<p>\u2b50\ufe0f\u2b50\ufe0f\u2b50\ufe0f\u2b50\ufe0f<\/p>\n<p>Situat \u00een centrul sta\u021biunii Almyrida, cu acces direct la plaj\u0103, la 20 km de orasul Chania. Acesta se afla la jum\u0103tatea distan\u021bei dintre Chania si Rethymno, aeroportul Interna\u021bional Chania se afla la o distan\u021b\u0103 de 30 km<\/p>\n<p><strong>Facilit\u0103\u021bi:<\/strong>restaurant, 2 baruri, piscin\u0103 (include zon\u0103 pentru copii), sala fitness, sal\u0103 de conferin\u021be, jacuzzi, mini club pentru copii .<\/p>\n<p><span style=\"color: #800000;\"><strong>Cazare: <\/strong>moderne, dispun de aer condi\u021bionat, TV prin satelit, mini-bar, internet-wifi, seif, usc\u0103tor de p\u0103r.<\/span><\/p>\n","protected":false},"excerpt":{"rendered":"<p><strong>de la 580 Euro\/persoan\u0103<\/strong> \u00een camer\u0103 dubl\u0103 cu vedere la munte \u0219i demipensiune\/ pachet servicii<br \/>\n<strong>date de plecare: 02, 07, 09 iunie, 20, 22 septembrie<\/strong><\/p>\n<p><strong>de la 600 Euro\/persoan\u0103<\/strong> \u00een camer\u0103 dubl\u0103 cu vedere la munte \u0219i demipensiune\/ pachet servicii<br \/>\n<strong>date de plecare: 14, 16, 21, 23 iunie, 15 septembrie<\/strong><\/p>\n<p><strong>de la 680 Euro\/persoan\u0103<\/strong> \u00een camer\u0103 dubl\u0103 cu vedere la munte \u0219i demipensiune\/ pachet servicii<br \/>\n<strong>date de plecare: 28, 30 iunie, 07, 12, 14, 21, 26 iulie, 04, 08, 09, 11, 16 august, 06, 08 septembrie<\/strong><\/p>\n<p><strong>de la 705 Euro\/persoan\u0103<\/strong> \u00een camer\u0103 dubl\u0103 cu vedere la munte \u0219i demipensiune\/ pachet servicii<br \/>\n<strong>date de plecare: 05, 19, 28 iulie, 02, 18, 23, 25, 30 august, 01 septembrie<\/strong><\/p>\n<p><strong>Servicii incluse:<\/strong><br \/>\n\u25d9 bilet de avion curs\u0103 charter Bucure\u0219ti &#8211; Creta Chania \u00a0\u0219i retur cu taxele de aeroport incluse<br \/>\n\u25d9 cazare 7 nop\u021bi \u00een camer\u0103 dubl\u0103 superior cu vedere la mare \u0219i all inclusive<br \/>\n\u25d9 transfer de grup aeroport &#8211; hotel &#8211; aeroport<br \/>\n\u25d9 asisten\u021b\u0103 turistic\u0103<\/p>\n<p><strong>Nu sunt incluse: <\/strong><\/p>\n<p>asigurare medical\u0103 de c\u0103l\u0103torie \u0219i asigurare STORNO cu protec\u021bie COVID-19 inclus\u0103<br \/>\ntaxa de ora\u0219 (se achit\u0103 direct la recep\u021bia hotelului)<br \/>\nexcursiile op\u021bionale \u0219i intr\u0103rile la obiective turistice<\/p>\n<p>Detalii suplimentare \u0219i rezerv\u0103ri la<br \/>\ne-mail:<strong><span style=\"color: #800000;\"><a style=\"color: #800000;\" href=\"mailto:incoming@anchor-travel.ro\" target=\"_blank\" rel=\"noopener\">outgoing@anchor-travel.ro<\/a><\/span><\/strong><span style=\"color: #000000;\"><br \/>\n<strong><span style=\"color: #800000;\">Tel: +40 21 529 77 51\/2\/3<\/span><\/strong><\/span><\/p>\n","protected":false},"featured_media":3148,"template":"","meta":[],"product_cat":[23],"product_tag":[],"class_list":{"0":"post-3144","1":"product","2":"type-product","3":"status-publish","4":"has-post-thumbnail","6":"product_cat-uncategorized","8":"first","9":"instock","10":"shipping-taxable","11":"product-type-simple"},"_links":{"self":[{"href":"https:\/\/anchor-travel.ro\/index.php?rest_route=\/wp\/v2\/product\/3144","targetHints":{"allow":["GET"]}}],"collection":[{"href":"https:\/\/anchor-travel.ro\/index.php?rest_route=\/wp\/v2\/product"}],"about":[{"href":"https:\/\/anchor-travel.ro\/index.php?rest_route=\/wp\/v2\/types\/product"}],"version-history":[{"count":1,"href":"https:\/\/anchor-travel.ro\/index.php?rest_route=\/wp\/v2\/product\/3144\/revisions"}],"predecessor-version":[{"id":3155,"href":"https:\/\/anchor-travel.ro\/index.php?rest_route=\/wp\/v2\/product\/3144\/revisions\/3155"}],"wp:featuredmedia":[{"embeddable":true,"href":"https:\/\/anchor-travel.ro\/index.php?rest_route=\/wp\/v2\/media\/3148"}],"wp:attachment":[{"href":"https:\/\/anchor-travel.ro\/index.php?rest_route=%2Fwp%2Fv2%2Fmedia&parent=3144"}],"wp:term":[{"taxonomy":"product_cat","embeddable":true,"href":"https:\/\/anchor-travel.ro\/index.php?rest_route=%2Fwp%2Fv2%2Fproduct_cat&post=3144"},{"taxonomy":"product_tag","embeddable":true,"href":"https:\/\/anchor-travel.ro\/index.php?rest_route=%2Fwp%2Fv2%2Fproduct_tag&post=3144"}],"curies":[{"name":"wp","href":"https:\/\/api.w.org\/{rel}","templated":true}]}}