{"id":3034,"date":"2022-04-19T15:03:24","date_gmt":"2022-04-19T15:03:24","guid":{"rendered":"https:\/\/anchor-travel.com\/?post_type=product&#038;p=3034"},"modified":"2022-04-19T15:42:12","modified_gmt":"2022-04-19T15:42:12","slug":"acandia","status":"publish","type":"product","link":"https:\/\/anchor-travel.ro\/?product=acandia","title":{"rendered":"ACANDIA"},"content":{"rendered":"<p>\u2b50\ufe0f\u2b50\ufe0f\u2b50\ufe0f\u2b50\ufe0f<\/p>\n<p>Se afl\u0103\u00a0 \u00een centrul ora\u0219ului Rodos, aproape de plaja Elli \u0219i Portul Mandraki.<\/p>\n<p><strong>Facilit\u0103\u021bi:<\/strong> dispune de restaurant, bar, piscin\u0103 exterioar\u0103 \u00eenc\u0103lzit\u0103, snack bar, recep\u021bie \u0219i wi-fi gratuit \u00een zonele publice.<\/p>\n<p><span style=\"color: #800000;\"><strong>Camere: <\/strong>camerele au un aspect modern, o suprafa\u021b\u0103 de aprox 21 mp \u0219i sunt dotate cu mini bar (contra cost), seif, televizor, telefon, aer condi\u0163ionat, usc\u0103tor de p\u0103r, balcon\/\/teras\u0103, facilit\u0103\u021bi pentru ceai\/cafea, acces internet WiFi (gratuit). Camerele superioare sunt mai spa\u0163ioase &#8211; aprox 27 mp.<\/span><\/p>\n","protected":false},"excerpt":{"rendered":"<p>de la <strong>650 Euro\/persoan\u0103<\/strong>, loc \u00een camera dubl\u0103 deluxe cu mic dejun\/ pachet servicii<br \/>\n<strong>date de plecare : 7, 14, 21 ,28\u00a0 iunie, 05 iulie<\/strong><\/p>\n<p>de la <strong>680 Euro\/persoan\u0103<\/strong>, loc \u00een camera dubl\u0103 deluxe cu mic dejun\/ pachet servicii<br \/>\n<strong>date de plecare : 12,19,26 iulie, 2,9,16, 23, 30\u00a0 august<\/strong><\/p>\n<p>de la <strong>600\u00a0 Euro\/persoan\u0103<\/strong>, loc \u00een camera dubl\u0103 deluxe cu mic dejun\/ pachet servicii<br \/>\n<strong>date de plecare : 6,13,20, 27\u00a0 septembrie<\/strong><\/p>\n<p><strong>Servicii incluse:<\/strong><br \/>\n\u25d9 bilet de avion curs\u0103 charter Bucure\u0219ti &#8211; Rodos \u00a0\u0219i retur cu taxele de aeroport incluse<br \/>\n\u25d9 cazare 7 nop\u021bi \u00een camer\u0103 dubl\u0103 deluxe cu mic dejun<br \/>\n\u25d9 transfer de grup aeroport &#8211; hotel &#8211; aeroport<br \/>\n\u25d9 asisten\u021b\u0103 turistic\u0103<\/p>\n<p><strong>Nu sunt incluse: <\/strong><\/p>\n<p>asigurare medical\u0103 de c\u0103l\u0103torie \u0219i asigurare STORNO cu protec\u021bie COVID-19 inclus\u0103<br \/>\ntaxa de ora\u0219 (se achit\u0103 direct la recep\u021bia hotelului)<br \/>\nexcursiile op\u021bionale \u0219i intr\u0103rile la obiective turistice<\/p>\n<p>Detalii suplimentare \u0219i rezerv\u0103ri la<br \/>\ne-mail:<strong><span style=\"color: #800000;\"><a style=\"color: #800000;\" href=\"mailto:incoming@anchor-travel.ro\" target=\"_blank\" rel=\"noopener\">outgoing@anchor-travel.ro<\/a><\/span><\/strong><span style=\"color: #000000;\"><br \/>\n<strong><span style=\"color: #800000;\">Tel: +40 21 529 77 51\/2\/3<\/span><\/strong><\/span><\/p>\n","protected":false},"featured_media":3035,"template":"","meta":[],"product_cat":[23],"product_tag":[],"class_list":{"0":"post-3034","1":"product","2":"type-product","3":"status-publish","4":"has-post-thumbnail","6":"product_cat-uncategorized","8":"first","9":"instock","10":"shipping-taxable","11":"product-type-simple"},"_links":{"self":[{"href":"https:\/\/anchor-travel.ro\/index.php?rest_route=\/wp\/v2\/product\/3034","targetHints":{"allow":["GET"]}}],"collection":[{"href":"https:\/\/anchor-travel.ro\/index.php?rest_route=\/wp\/v2\/product"}],"about":[{"href":"https:\/\/anchor-travel.ro\/index.php?rest_route=\/wp\/v2\/types\/product"}],"version-history":[{"count":1,"href":"https:\/\/anchor-travel.ro\/index.php?rest_route=\/wp\/v2\/product\/3034\/revisions"}],"predecessor-version":[{"id":3045,"href":"https:\/\/anchor-travel.ro\/index.php?rest_route=\/wp\/v2\/product\/3034\/revisions\/3045"}],"wp:featuredmedia":[{"embeddable":true,"href":"https:\/\/anchor-travel.ro\/index.php?rest_route=\/wp\/v2\/media\/3035"}],"wp:attachment":[{"href":"https:\/\/anchor-travel.ro\/index.php?rest_route=%2Fwp%2Fv2%2Fmedia&parent=3034"}],"wp:term":[{"taxonomy":"product_cat","embeddable":true,"href":"https:\/\/anchor-travel.ro\/index.php?rest_route=%2Fwp%2Fv2%2Fproduct_cat&post=3034"},{"taxonomy":"product_tag","embeddable":true,"href":"https:\/\/anchor-travel.ro\/index.php?rest_route=%2Fwp%2Fv2%2Fproduct_tag&post=3034"}],"curies":[{"name":"wp","href":"https:\/\/api.w.org\/{rel}","templated":true}]}}