{"id":2995,"date":"2022-04-19T14:35:25","date_gmt":"2022-04-19T14:35:25","guid":{"rendered":"https:\/\/anchor-travel.com\/?post_type=product&#038;p=2995"},"modified":"2022-04-19T14:41:02","modified_gmt":"2022-04-19T14:41:02","slug":"lesante-classic-luxury-hotel","status":"publish","type":"product","link":"https:\/\/anchor-travel.ro\/?product=lesante-classic-luxury-hotel","title":{"rendered":"LESANTE CLASSIC LUXURY HOTEL"},"content":{"rendered":"<p>\u2b50\ufe0f\u2b50\ufe0f\u2b50\ufe0f\u2b50\ufe0f\u2b50\ufe0f<\/p>\n<p>Este situat pe plaja \u00een localitatea Tsilivi, la 10 km de Zante si 15 km de aeroport.<\/p>\n<p><strong>Facilit\u0103\u021bi:<\/strong> dispune de 2 piscine exterioare pentru adul\u021bi cu umbrele \u0219i sezlonguri, piscin\u0103 pentru copii, piscin\u0103 interioar\u0103, restaurant principal, restaurant A`la Carte, bar la recep\u0163ie, piano-bar, jacuzzi interior \u015fi exterior, centru SPA (sauna, baie turceasc\u0103, masaj), wi-fi gratuit, sal\u0103 de jocuri, parcare gratuit.<\/p>\n<p><span style=\"color: #800000;\"><strong>Camere: <\/strong>aer condi\u0163ionat, TV, halat \u0219i papuci de baie, facilit\u0103\u021bi preparare ceai\/cafea, DVD player, uscator de par, masa si fier de calcat (la cerere), minibar, balcon, acces WiFi, seif. Cur\u0103\u021benia \u00een camere se face zilnic, lenjeriile de pat \u0219i prosoapele de baie sunt schimbate zilnic.<\/span><\/p>\n","protected":false},"excerpt":{"rendered":"<p>de la<strong> 1020 Euro\/persoan\u0103<\/strong>, loc \u00een camera dubl\u0103 deluxe cu demipensiune \/pachet servicii<br \/>\n<strong>date de plecare : 11 15, 18 ,22, 25, 29\u00a0 iunie<\/strong><\/p>\n<p>de la <strong>1200\u00a0 Euro\/persoan\u0103<\/strong>, loc \u00een camera dubl\u0103 deluxe cu demipensiune\/\u00a0 pachet servicii<br \/>\n<strong>date de plecare :, 02, 06, 09, 13, 16, 20, 23, 27, 30, iulie, 03, 06, 10, 13, 17, 20, 24, 27, 31 august\u00a0<\/strong><\/p>\n<p>de la <strong>900 Euro\/persoan\u0103<\/strong>, loc \u00een camera dubl\u0103 deluxe cu demipensiune\/\u00a0 pachet servicii<br \/>\n<strong>date de plecare : 03, 07, 10, 14, 17, 24 septembrie\u00a0<\/strong><\/p>\n<p><strong>Servicii incluse:<\/strong><br \/>\n\u25d9 bilet de avion curs\u0103 charter Bucure\u0219ti &#8211;\u00a0 Zakynthos\u00a0 \u0219i retur cu taxele de aeroport incluse<br \/>\n\u25d9 cazare 7 nop\u021bi \u00een camer\u0103 dubl\u0103 deluxe cu demipensiune<br \/>\n\u25d9 transfer de grup aeroport &#8211; hotel &#8211; aeroport<br \/>\n\u25d9 asisten\u021b\u0103 turistic\u0103<\/p>\n<p><strong>Nu sunt incluse: <\/strong><\/p>\n<p>asigurare medical\u0103 de c\u0103l\u0103torie \u0219i asigurare STORNO cu protec\u021bie COVID-19 inclus\u0103<br \/>\ntaxa de ora\u0219 (se achit\u0103 direct la recep\u021bia hotelului)<br \/>\nexcursiile op\u021bionale \u0219i intr\u0103rile la obiective turistice<\/p>\n<p>Detalii suplimentare \u0219i rezerv\u0103ri la<br \/>\ne-mail:<strong><span style=\"color: #800000;\"><a style=\"color: #800000;\" href=\"mailto:incoming@anchor-travel.ro\" target=\"_blank\" rel=\"noopener\">outgoing@anchor-travel.ro<\/a><\/span><\/strong><span style=\"color: #000000;\"><br \/>\n<strong><span style=\"color: #800000;\">Tel: +40 21 529 77 51\/2\/3<\/span><\/strong><\/span><\/p>\n","protected":false},"featured_media":3002,"template":"","meta":[],"product_cat":[23],"product_tag":[],"class_list":{"0":"post-2995","1":"product","2":"type-product","3":"status-publish","4":"has-post-thumbnail","6":"product_cat-uncategorized","8":"first","9":"instock","10":"shipping-taxable","11":"product-type-simple"},"_links":{"self":[{"href":"https:\/\/anchor-travel.ro\/index.php?rest_route=\/wp\/v2\/product\/2995","targetHints":{"allow":["GET"]}}],"collection":[{"href":"https:\/\/anchor-travel.ro\/index.php?rest_route=\/wp\/v2\/product"}],"about":[{"href":"https:\/\/anchor-travel.ro\/index.php?rest_route=\/wp\/v2\/types\/product"}],"version-history":[{"count":1,"href":"https:\/\/anchor-travel.ro\/index.php?rest_route=\/wp\/v2\/product\/2995\/revisions"}],"predecessor-version":[{"id":3016,"href":"https:\/\/anchor-travel.ro\/index.php?rest_route=\/wp\/v2\/product\/2995\/revisions\/3016"}],"wp:featuredmedia":[{"embeddable":true,"href":"https:\/\/anchor-travel.ro\/index.php?rest_route=\/wp\/v2\/media\/3002"}],"wp:attachment":[{"href":"https:\/\/anchor-travel.ro\/index.php?rest_route=%2Fwp%2Fv2%2Fmedia&parent=2995"}],"wp:term":[{"taxonomy":"product_cat","embeddable":true,"href":"https:\/\/anchor-travel.ro\/index.php?rest_route=%2Fwp%2Fv2%2Fproduct_cat&post=2995"},{"taxonomy":"product_tag","embeddable":true,"href":"https:\/\/anchor-travel.ro\/index.php?rest_route=%2Fwp%2Fv2%2Fproduct_tag&post=2995"}],"curies":[{"name":"wp","href":"https:\/\/api.w.org\/{rel}","templated":true}]}}