{"id":2972,"date":"2022-04-19T14:13:53","date_gmt":"2022-04-19T14:13:53","guid":{"rendered":"https:\/\/anchor-travel.com\/?post_type=product&#038;p=2972"},"modified":"2022-04-19T14:26:44","modified_gmt":"2022-04-19T14:26:44","slug":"cavo-orient-beach","status":"publish","type":"product","link":"https:\/\/anchor-travel.ro\/?product=cavo-orient-beach","title":{"rendered":"CAVO ORIENT BEACH"},"content":{"rendered":"<p>\u2b50\ufe0f\u2b50\ufe0f\u2b50\ufe0f<\/p>\n<p>Este situat \u00een Zakynthos, pe o plaj\u0103 micu\u021b\u0103 \u00een zona Kypseli, la 10 km de centrul insulei Zakynthos.<\/p>\n<p><strong>Facilit\u0103\u021bi:<\/strong> plaj\u0103 privat\u0103, 2 restaurante, baruri, piscin\u0103 exterioar\u0103, piscin\u0103 pentru copii (\u00eenc\u0103lzit\u0103), loc de joac\u0103 exterior, camera de joaca, sal\u0103 de gimnastic\u0103, room service, recep\u0163ie 24h, baby sitting (la cerere si contra cost), centru business, servicii sp\u0103l\u0103torie (la cerere si contra cost), \u00eenchirieri ma\u0219ini, masaj, coafor, manichiur\u0103 \u0219i pedichiur\u0103 (la cerere si contra cost).<\/p>\n<p><span style=\"color: #800000;\"><strong>Camere: <\/strong>unit\u0103\u0163ile de cazare\u00a0 sunt prev\u0103zute cu aer condi\u0163ionat, TV, seif , frigider, wifi gratuit, usc\u0103tor de p\u0103r. Cele mai multe unit\u0103\u0163i se bucur\u0103 de un balcon cu vedere la mare sau la piscin\u0103, iar unele au o piscin\u0103 comun\u0103.<\/span><\/p>\n","protected":false},"excerpt":{"rendered":"<p>de la <strong>715 Euro\/persoan\u0103<\/strong>, loc \u00een camera dubl\u0103 deluxe cu mic dejun\/ pachet servicii<br \/>\n<strong>date de plecare : 11 15, 18 ,22, 25, 29\u00a0 iunie<\/strong><\/p>\n<p>de la <strong>790 Euro\/persoan\u0103<\/strong>, loc \u00een camera dubl\u0103 deluxe cu mic dejun\/ pachet servicii<br \/>\n<strong>date de plecare :, 02, 06, 09, 13, 16, 20, 23, 27, 30, iulie, 03, 06, 10, 13, 17, 20, 24, 27, 31 august\u00a0<\/strong><\/p>\n<p>de la <strong>725 Euro\/persoan\u0103<\/strong>, loc \u00een camera dubl\u0103 deluxe\u00a0 cu mic dejun\/ pachet servicii<br \/>\n<strong>date de plecare : 03, 07, 10, 14, 17, 24 septembrie\u00a0<\/strong><\/p>\n<p><strong>Servicii incluse:<\/strong><br \/>\n\u25d9 bilet de avion curs\u0103 charter Bucure\u0219ti &#8211;\u00a0 Zakynthos\u00a0 \u0219i retur cu taxele de aeroport incluse<br \/>\n\u25d9 cazare 7 nop\u021bi \u00een camer\u0103 dubl\u0103 deluxe cu mic dejun<br \/>\n\u25d9 transfer de grup aeroport &#8211; hotel &#8211; aeroport<br \/>\n\u25d9 asisten\u021b\u0103 turistic\u0103<\/p>\n<p><strong>Nu sunt incluse: <\/strong><\/p>\n<p>asigurare medical\u0103 de c\u0103l\u0103torie \u0219i asigurare STORNO cu protec\u021bie COVID-19 inclus\u0103<br \/>\ntaxa de ora\u0219 (se achit\u0103 direct la recep\u021bia hotelului)<br \/>\nexcursiile op\u021bionale \u0219i intr\u0103rile la obiective turistice<\/p>\n<p>Detalii suplimentare \u0219i rezerv\u0103ri la<br \/>\ne-mail:<strong><span style=\"color: #800000;\"><a style=\"color: #800000;\" href=\"mailto:incoming@anchor-travel.ro\" target=\"_blank\" rel=\"noopener\">outgoing@anchor-travel.ro<\/a><\/span><\/strong><span style=\"color: #000000;\"><br \/>\n<strong><span style=\"color: #800000;\">Tel: +40 21 529 77 51\/2\/3<\/span><\/strong><\/span><\/p>\n","protected":false},"featured_media":2976,"template":"","meta":[],"product_cat":[23],"product_tag":[],"class_list":{"0":"post-2972","1":"product","2":"type-product","3":"status-publish","4":"has-post-thumbnail","6":"product_cat-uncategorized","8":"first","9":"instock","10":"shipping-taxable","11":"product-type-simple"},"_links":{"self":[{"href":"https:\/\/anchor-travel.ro\/index.php?rest_route=\/wp\/v2\/product\/2972","targetHints":{"allow":["GET"]}}],"collection":[{"href":"https:\/\/anchor-travel.ro\/index.php?rest_route=\/wp\/v2\/product"}],"about":[{"href":"https:\/\/anchor-travel.ro\/index.php?rest_route=\/wp\/v2\/types\/product"}],"version-history":[{"count":1,"href":"https:\/\/anchor-travel.ro\/index.php?rest_route=\/wp\/v2\/product\/2972\/revisions"}],"predecessor-version":[{"id":2994,"href":"https:\/\/anchor-travel.ro\/index.php?rest_route=\/wp\/v2\/product\/2972\/revisions\/2994"}],"wp:featuredmedia":[{"embeddable":true,"href":"https:\/\/anchor-travel.ro\/index.php?rest_route=\/wp\/v2\/media\/2976"}],"wp:attachment":[{"href":"https:\/\/anchor-travel.ro\/index.php?rest_route=%2Fwp%2Fv2%2Fmedia&parent=2972"}],"wp:term":[{"taxonomy":"product_cat","embeddable":true,"href":"https:\/\/anchor-travel.ro\/index.php?rest_route=%2Fwp%2Fv2%2Fproduct_cat&post=2972"},{"taxonomy":"product_tag","embeddable":true,"href":"https:\/\/anchor-travel.ro\/index.php?rest_route=%2Fwp%2Fv2%2Fproduct_tag&post=2972"}],"curies":[{"name":"wp","href":"https:\/\/api.w.org\/{rel}","templated":true}]}}