{"id":2884,"date":"2022-04-12T08:24:46","date_gmt":"2022-04-12T08:24:46","guid":{"rendered":"https:\/\/anchor-travel.com\/?post_type=product&#038;p=2884"},"modified":"2022-04-12T08:30:43","modified_gmt":"2022-04-12T08:30:43","slug":"grupotel-maritimo","status":"publish","type":"product","link":"https:\/\/anchor-travel.ro\/?product=grupotel-maritimo","title":{"rendered":"GRUPOTEL MARITIMO"},"content":{"rendered":"<p>\u2b50\ufe0f\u2b50\ufe0f\u2b50\ufe0f\u2b50\ufe0f<\/p>\n<p>se afl\u0103 la 150 m de plaja Alcudia, l\u00e2ng\u0103 S\u2019Estany Gran Lake, \u00een golful Alcudia. Sta\u021biunea Puerto de Alcudia, foarte popular\u0103 \u00een randul turistilor, se afl\u0103 la 5 minute de mers cu ma\u0219ina.<\/p>\n<p><strong>Facilit\u0103\u021bi:<\/strong> : programe de divertisment, acces gratuit la internet WIFI, 2 piscine exterioare, prosoape de plaj\u0103 (se solicita garantie), solarium, piscin\u0103 pentru copii, loc de joac\u0103 pentru copii, mini club, mini disco, programe de anima\u021bie pentru copii, supravegherea copilului (la solicitare), acces gratuit la centrul Spa, activit\u0103\u021bi sportive, recep\u021bie 24h, sp\u0103l\u0103torie, servicii medicale, depozitarea bagajelor, facilit\u0103\u021bi pentru persoanele cu dizabilit\u0103\u021bi, \u00eenchiriere de biciclete \u0219i ma\u0219ini, restaurant, baruri, centru fitness, piscin\u0103 interioar\u0103, teren de golf (la 3 km).<\/p>\n<p><span style=\"color: #800000;\"><strong>Camere: <\/strong>dotate cu telefon, TV satelit, baie cu du\u0219, usc\u0103tor de p\u0103r, aer condi\u021bionat, balcon, seif (contra cost), minibar (contra cost). <\/span><\/p>\n","protected":false},"excerpt":{"rendered":"<p>de la<strong> 930 Euro\/persoan\u0103<\/strong> \u00een camer\u0103 dubl\u0103 standard cu demipensiune\/ pachet servicii<br \/>\n<strong>date de plecare: 11 iunie<\/strong><\/p>\n<p>de la<strong> 995 Euro\/persoan\u0103<\/strong> \u00een camer\u0103 dubl\u0103 standard cu demipensiune\/ pachet servicii<br \/>\n<strong>date de plecare: 18 iunie<\/strong><\/p>\n<p>de la<strong> 1100 Euro\/persoan\u0103<\/strong> \u00een camer\u0103 dubl\u0103 standard cu demipensiune\/ pachet servicii<br \/>\n<strong>date de plecare: 25 iunie, 02, 09, 16, 23 iulie, 27 august<\/strong><\/p>\n<p>de la<strong> 1160 Euro\/persoan\u0103<\/strong> \u00een camer\u0103 dubl\u0103 standard cu demipensiune\/ pachet servicii<br \/>\n<strong>date de plecare: 30 iulie, 06, 13, 20 august<\/strong><\/p>\n<p><strong>Servicii incluse:<\/strong><br \/>\n\u25d9 bilet de avion curs\u0103 charter Bucure\u0219ti &#8211; &#8211; Palma de Mallorca \u0219i retur (taxe de aeroport \u0219i un bagaj de cal\u0103 incluse)<br \/>\n\u25d9 cazare 7 nop\u021bi \u00een camer\u0103 dubl\u0103 comfort standard cu premier ultra all inclusive<br \/>\n\u25d9 transfer de grup aeroport &#8211; hotel &#8211; aeroport<br \/>\n\u25d9 asisten\u021b\u0103 turistic\u0103<\/p>\n<p><strong>Nu sunt incluse: <\/strong><\/p>\n<p>asigurare medical\u0103 de c\u0103l\u0103torie \u0219i asigurare STORNO cu protec\u021bie COVID-19 inclus\u0103<br \/>\ntaxa de ora\u0219 (se achit\u0103 direct la recep\u021bia hotelului)<br \/>\nexcursiile op\u021bionale \u0219i intr\u0103rile la obiective turistice<\/p>\n<p>Detalii suplimentare \u0219i rezerv\u0103ri la<br \/>\ne-mail:<strong><span style=\"color: #800000;\"><a style=\"color: #800000;\" href=\"mailto:incoming@anchor-travel.ro\" target=\"_blank\" rel=\"noopener\">outgoing@anchor-travel.ro<\/a><\/span><\/strong><span style=\"color: #000000;\"><br \/>\n<strong><span style=\"color: #800000;\">Tel: +40 21 529 77 51\/2\/3<\/span><\/strong><\/span><\/p>\n","protected":false},"featured_media":2888,"template":"","meta":[],"product_cat":[23],"product_tag":[],"class_list":{"0":"post-2884","1":"product","2":"type-product","3":"status-publish","4":"has-post-thumbnail","6":"product_cat-uncategorized","8":"first","9":"instock","10":"shipping-taxable","11":"product-type-simple"},"_links":{"self":[{"href":"https:\/\/anchor-travel.ro\/index.php?rest_route=\/wp\/v2\/product\/2884","targetHints":{"allow":["GET"]}}],"collection":[{"href":"https:\/\/anchor-travel.ro\/index.php?rest_route=\/wp\/v2\/product"}],"about":[{"href":"https:\/\/anchor-travel.ro\/index.php?rest_route=\/wp\/v2\/types\/product"}],"version-history":[{"count":1,"href":"https:\/\/anchor-travel.ro\/index.php?rest_route=\/wp\/v2\/product\/2884\/revisions"}],"predecessor-version":[{"id":2898,"href":"https:\/\/anchor-travel.ro\/index.php?rest_route=\/wp\/v2\/product\/2884\/revisions\/2898"}],"wp:featuredmedia":[{"embeddable":true,"href":"https:\/\/anchor-travel.ro\/index.php?rest_route=\/wp\/v2\/media\/2888"}],"wp:attachment":[{"href":"https:\/\/anchor-travel.ro\/index.php?rest_route=%2Fwp%2Fv2%2Fmedia&parent=2884"}],"wp:term":[{"taxonomy":"product_cat","embeddable":true,"href":"https:\/\/anchor-travel.ro\/index.php?rest_route=%2Fwp%2Fv2%2Fproduct_cat&post=2884"},{"taxonomy":"product_tag","embeddable":true,"href":"https:\/\/anchor-travel.ro\/index.php?rest_route=%2Fwp%2Fv2%2Fproduct_tag&post=2884"}],"curies":[{"name":"wp","href":"https:\/\/api.w.org\/{rel}","templated":true}]}}