{"id":2814,"date":"2022-04-11T10:00:57","date_gmt":"2022-04-11T10:00:57","guid":{"rendered":"https:\/\/anchor-travel.com\/?post_type=product&#038;p=2814"},"modified":"2022-04-11T10:36:22","modified_gmt":"2022-04-11T10:36:22","slug":"iberostar-selection-sabila-tenerife","status":"publish","type":"product","link":"https:\/\/anchor-travel.ro\/?product=iberostar-selection-sabila-tenerife","title":{"rendered":"IBEROSTAR SELECTION SABILA &#8211; Tenerife"},"content":{"rendered":"<p>\u2b50\ufe0f\u2b50\ufe0f\u2b50\ufe0f\u2b50\ufe0f\u2b50\ufe0f<\/p>\n<p>Destinat exclusiv adul\u021bilor, este situat pe plaja Fa\u00f1abe din Coasta Adeje, la doar 10 minute de mers pe jos de Puerto Col\u00f3n, o zon\u0103 cu numeroase restaurante, baruri \u0219i cluburi de noapte. Aeroportul Tenerife Sud se afl\u0103 la 20 de minute de mers cu ma\u015fina.<\/p>\n<p><strong>Facilit\u0103\u021bi:<\/strong> restaurant tip buffet, diverse baruri, sal\u0103 de fitness, centru SPA Sensations, piscin\u0103 exterioar\u0103 \u00eenc\u0103lzit\u0103, baie turceasc\u0103, saun\u0103, zon\u0103 de shopping, salon de \u00eenfrumuse\u021bare, camer\u0103 de jocuri, pool bar.<\/p>\n<p><span style=\"color: #800000;\"><strong>Camere: <\/strong>cu pat matrimonial sau twin, baie proprie, Wi-Fi, balcon, smart TV, facilit\u0103\u021bi pentru cafea \u0219i ceai, minibar (contra cost), aer condi\u021bionat, seif (contra cost), telefon, usc\u0103tor de p\u0103r.<\/span><\/p>\n","protected":false},"excerpt":{"rendered":"<p>de la<strong> 1055 Euro\/persoan\u0103<\/strong> \u00een camer\u0103 dubl\u0103 tip A cu mic dejun\/ pachet servicii<br \/>\n<strong>date de plecare: 26 iunie<\/strong><\/p>\n<p>de la <strong>1095 Euro\/persoan\u0103<\/strong> \u00een camer\u0103 dubl\u0103 tip A cu mic dejun\/ pachet servicii<br \/>\n<strong>date de plecare: 03, 10 iulie<\/strong><\/p>\n<p>de la<strong> 1115 Euro\/persoan\u0103<\/strong> \u00een camer\u0103 dubl\u0103 tip A cu mic dejun\/ pachet servicii<br \/>\n<strong>date de plecare: 21, 28 august, 04, 11, 18, 25 septembrie<\/strong><\/p>\n<p>de la<strong> 1155 Euro\/persoan\u0103<\/strong> \u00een camer\u0103 dubl\u0103 tip A cu mic dejun\/ pachet servicii<br \/>\n<strong>date de plecare: 17, 24, 31 iulie, 07, 14 august, 02 octombrie<\/strong><\/p>\n<p><strong>Servicii incluse:<\/strong><br \/>\n\u25d9 bilet de avion curs\u0103 charter Bucure\u0219ti &#8211; Tenerife Sud \u0219i retur (taxe de aeroport \u0219i un bagaj de cal\u0103 incluse)<br \/>\n\u25d9 cazare 7 nop\u021bi \u00een camer\u0103 dubl\u0103 comfort standard cu premier ultra all inclusive<br \/>\n\u25d9 transfer de grup aeroport &#8211; hotel &#8211; aeroport<br \/>\n\u25d9 asisten\u021b\u0103 turistic\u0103<\/p>\n<p><strong>Nu sunt incluse: <\/strong><\/p>\n<p>asigurare medical\u0103 de c\u0103l\u0103torie \u0219i asigurare STORNO cu protec\u021bie COVID-19 inclus\u0103<br \/>\ntaxa de ora\u0219 (se achit\u0103 direct la recep\u021bia hotelului)<br \/>\nexcursiile op\u021bionale \u0219i intr\u0103rile la obiective turistice<\/p>\n<p>Detalii suplimentare \u0219i rezerv\u0103ri la<br \/>\ne-mail:<strong><span style=\"color: #800000;\"><a style=\"color: #800000;\" href=\"mailto:incoming@anchor-travel.ro\" target=\"_blank\" rel=\"noopener\">outgoing@anchor-travel.ro<\/a><\/span><\/strong><span style=\"color: #000000;\"><br \/>\n<strong><span style=\"color: #800000;\">Tel: +40 21 529 77 51\/2\/3<\/span><\/strong><\/span><\/p>\n","protected":false},"featured_media":2822,"template":"","meta":[],"product_cat":[23],"product_tag":[],"class_list":{"0":"post-2814","1":"product","2":"type-product","3":"status-publish","4":"has-post-thumbnail","6":"product_cat-uncategorized","8":"first","9":"instock","10":"shipping-taxable","11":"product-type-simple"},"_links":{"self":[{"href":"https:\/\/anchor-travel.ro\/index.php?rest_route=\/wp\/v2\/product\/2814","targetHints":{"allow":["GET"]}}],"collection":[{"href":"https:\/\/anchor-travel.ro\/index.php?rest_route=\/wp\/v2\/product"}],"about":[{"href":"https:\/\/anchor-travel.ro\/index.php?rest_route=\/wp\/v2\/types\/product"}],"version-history":[{"count":1,"href":"https:\/\/anchor-travel.ro\/index.php?rest_route=\/wp\/v2\/product\/2814\/revisions"}],"predecessor-version":[{"id":2821,"href":"https:\/\/anchor-travel.ro\/index.php?rest_route=\/wp\/v2\/product\/2814\/revisions\/2821"}],"wp:featuredmedia":[{"embeddable":true,"href":"https:\/\/anchor-travel.ro\/index.php?rest_route=\/wp\/v2\/media\/2822"}],"wp:attachment":[{"href":"https:\/\/anchor-travel.ro\/index.php?rest_route=%2Fwp%2Fv2%2Fmedia&parent=2814"}],"wp:term":[{"taxonomy":"product_cat","embeddable":true,"href":"https:\/\/anchor-travel.ro\/index.php?rest_route=%2Fwp%2Fv2%2Fproduct_cat&post=2814"},{"taxonomy":"product_tag","embeddable":true,"href":"https:\/\/anchor-travel.ro\/index.php?rest_route=%2Fwp%2Fv2%2Fproduct_tag&post=2814"}],"curies":[{"name":"wp","href":"https:\/\/api.w.org\/{rel}","templated":true}]}}