{"id":2729,"date":"2022-04-07T08:44:38","date_gmt":"2022-04-07T08:44:38","guid":{"rendered":"https:\/\/anchor-travel.com\/?post_type=product&#038;p=2729"},"modified":"2022-04-11T08:35:27","modified_gmt":"2022-04-11T08:35:27","slug":"akka-hotels-antedon-antalya","status":"publish","type":"product","link":"https:\/\/anchor-travel.ro\/?product=akka-hotels-antedon-antalya","title":{"rendered":"AKKA HOTELS ANTEDON &#8211; Antalya"},"content":{"rendered":"<p>\u2b50\ufe0f\u2b50\ufe0f\u2b50\ufe0f\u2b50\ufe0f\u2b50\ufe0f<\/p>\n<p>Situat pe \u0163\u0103rmul m\u0103rii, \u00een statiunea Beldibi, la 15 km de ora\u0219ul Kemer \u0219i\u00a0 la 45 de km de Aeroportul Interna\u021bional Antalya.<\/p>\n<p><strong>Facilit\u0103\u021bi:<\/strong> restaurante, baruri, schimb valutar, WiFi gratuit, parcare, facilit\u0103\u0163i pentru persoane cu mobilitate redus\u0103, magazine, \u00eenchirieri auto, salon de frumuse\u0163e, magazin de suveniruri\/cadouri, minimarket, centru de afaceri, sp\u0103l\u0103torie\/cur\u0103\u0163\u0103torie chimic\u0103, serviciu de c\u0103lcat, gr\u0103din\u0103, zon\u0103 plaj\u0103 privat\u0103 cu acces direct, babysitting.<\/p>\n<p><span style=\"color: #800000;\"><strong>Camere: <\/strong>Fiecare camer\u0103 este dotat\u0103 cu aer conditionat, teras\u0103, TV cu ecran plat, zon\u0103 de relaxare, WiFi gratuit, baie cu du\u015f\/cad\u0103,\u00a0 usc\u0103tor de p\u0103r.<\/span><\/p>\n","protected":false},"excerpt":{"rendered":"<p>de la<strong> 940 Euro\/persoan\u0103<\/strong> \u00een camer\u0103 comfort standard cu premier ultra all inclusive \/ pachet servicii<br \/>\n<strong>date de plecare: 06, 11, 13,\u00a0 18, 20, 25, 27 iunie, 03, 05, 10, 12, 17, 19, 24, 26 septembrie<\/strong><\/p>\n<p>de la<strong> 990 Euro\/persoan\u0103<\/strong> \u00een camer\u0103 comfort standard cu premier ultra all inclusive \/ pachet servicii<br \/>\n<strong>date de plecare: 02, 04, 09,\u00a0 11, 16, 18,\u00a0 23, 25, 30 iulie<\/strong><\/p>\n<p>de la<strong> 1030 Euro\/persoan\u0103<\/strong> \u00een camer\u0103 comfort standard cu premier ultra all inclusive \/ pachet servicii<br \/>\n<strong>date de plecare: 01, 06, 08,\u00a0 13, 15, 20,\u00a0 22, 27, 29 august<\/strong><\/p>\n<p><strong>Servicii incluse:<\/strong><br \/>\n\u25d9 bilet de avion curs\u0103 charter Bucure\u0219ti &#8211; Antalya \u0219i retur (taxe de aeroport \u0219i un bagaj de cal\u0103 incluse)<br \/>\n\u25d9 cazare 7 nop\u021bi \u00een camer\u0103 dubl\u0103 comfort standard cu premier ultra all inclusive<br \/>\n\u25d9 transfer de grup aeroport &#8211; hotel &#8211; aeroport<br \/>\n\u25d9 asisten\u021b\u0103 turistic\u0103<\/p>\n<p><strong>Nu sunt incluse: <\/strong><\/p>\n<p>asigurare medical\u0103 de c\u0103l\u0103torie \u0219i asigurare STORNO cu protec\u021bie COVID-19 inclus\u0103<br \/>\ntaxa de ora\u0219 (se achit\u0103 direct la recep\u021bia hotelului)<br \/>\nexcursiile op\u021bionale \u0219i intr\u0103rile la obiective turistice<\/p>\n<p>Detalii suplimentare \u0219i rezerv\u0103ri la<br \/>\ne-mail:<strong><span style=\"color: #800000;\"><a style=\"color: #800000;\" href=\"mailto:incoming@anchor-travel.ro\" target=\"_blank\" rel=\"noopener\">outgoing@anchor-travel.ro<\/a><\/span><\/strong><span style=\"color: #000000;\"><br \/>\n<strong><span style=\"color: #800000;\">Tel: +40 21 529 77 51\/2\/3<\/span><\/strong><\/span><\/p>\n","protected":false},"featured_media":2735,"template":"","meta":[],"product_cat":[23],"product_tag":[],"class_list":{"0":"post-2729","1":"product","2":"type-product","3":"status-publish","4":"has-post-thumbnail","6":"product_cat-uncategorized","8":"first","9":"instock","10":"shipping-taxable","11":"product-type-simple"},"_links":{"self":[{"href":"https:\/\/anchor-travel.ro\/index.php?rest_route=\/wp\/v2\/product\/2729","targetHints":{"allow":["GET"]}}],"collection":[{"href":"https:\/\/anchor-travel.ro\/index.php?rest_route=\/wp\/v2\/product"}],"about":[{"href":"https:\/\/anchor-travel.ro\/index.php?rest_route=\/wp\/v2\/types\/product"}],"version-history":[{"count":1,"href":"https:\/\/anchor-travel.ro\/index.php?rest_route=\/wp\/v2\/product\/2729\/revisions"}],"predecessor-version":[{"id":2739,"href":"https:\/\/anchor-travel.ro\/index.php?rest_route=\/wp\/v2\/product\/2729\/revisions\/2739"}],"wp:featuredmedia":[{"embeddable":true,"href":"https:\/\/anchor-travel.ro\/index.php?rest_route=\/wp\/v2\/media\/2735"}],"wp:attachment":[{"href":"https:\/\/anchor-travel.ro\/index.php?rest_route=%2Fwp%2Fv2%2Fmedia&parent=2729"}],"wp:term":[{"taxonomy":"product_cat","embeddable":true,"href":"https:\/\/anchor-travel.ro\/index.php?rest_route=%2Fwp%2Fv2%2Fproduct_cat&post=2729"},{"taxonomy":"product_tag","embeddable":true,"href":"https:\/\/anchor-travel.ro\/index.php?rest_route=%2Fwp%2Fv2%2Fproduct_tag&post=2729"}],"curies":[{"name":"wp","href":"https:\/\/api.w.org\/{rel}","templated":true}]}}