{"id":2691,"date":"2022-04-07T07:34:57","date_gmt":"2022-04-07T07:34:57","guid":{"rendered":"https:\/\/anchor-travel.com\/?post_type=product&#038;p=2691"},"modified":"2022-04-07T08:02:28","modified_gmt":"2022-04-07T08:02:28","slug":"aminess-grand-dubrovnyk","status":"publish","type":"product","link":"https:\/\/anchor-travel.ro\/?product=aminess-grand-dubrovnyk","title":{"rendered":"AMINESS GRAND- Dubrovnyk"},"content":{"rendered":"<p>\u2b50\ufe0f\u2b50\ufe0f\u2b50\ufe0f<\/p>\n<p>Situat \u00een localitatea Orebi\u0107, pe malul m\u0103rii, la 130 km fa\u021b\u0103 de aeroportul Dubrovnik \u0219i la 1,3 km fa\u021b\u0103 de portul de unde pleac\u0103 feribotul spre insula Kor\u010dula.<br \/>\n<strong>Facilit\u0103\u021bi:<\/strong> recep\u021bie 24h, lobby bar, aer condi\u021bionat, salon, cas\u0103 de schimb valutar, restaurant, snack bar, bar, Wi-Fi, piscin\u0103 exterioar\u0103 pentru adul\u021bi, piscin\u0103 exterioar\u0103 pentru copii, pool bar, loc de joac\u0103 pentru copii, miniclub, sal\u0103 de masaj \u0219i s\u0103li de conferin\u0163e. Contra cost: seif, parcare, sp\u0103l\u0103torie.<\/p>\n<p><span style=\"color: #800000;\"><strong>Camere: <\/strong>elegante, cu pat matrimonial sau twin, baie proprie, minibar (contra cost), Wi-Fi, seif, TV prin satelit, aer condi\u021bionat.<\/span><\/p>\n","protected":false},"excerpt":{"rendered":"<p>de la <strong>599 Euro\/persoan\u0103<\/strong> \u00een camer\u0103 dubl\u0103 standard cu mic dejun\/ pachet servicii<br \/>\n<strong>date de plecare: 17 septembrie<\/strong><\/p>\n<p>de la <strong>649 Euro\/persoan\u0103<\/strong> \u00een camer\u0103 dubl\u0103 standard cu mic dejun\/ pachet servicii<br \/>\n<strong>date de plecare: 10 septembrie<\/strong><\/p>\n<p>de la <strong>699 Euro\/persoan\u0103<\/strong> \u00een camer\u0103 dubl\u0103 standard cu mic dejun\/ pachet servicii<br \/>\n<strong>date de plecare: 03 septembrie<\/strong><\/p>\n<p>de la<strong> 789 Euro\/persoan\u0103<\/strong> \u00een camer\u0103 dubl\u0103 standard cu mic dejun\/ pachet servicii<br \/>\n<strong>date de plecare: 18 iunie, 02 iulie, 27 august<\/strong><\/p>\n<p>de la 859 Euro\/persoan\u0103 \u00een camer\u0103 dubl\u0103 standard cu mic dejun\/ pachet servicii<br \/>\n<strong>date de plecare: 25 iunie, 09, 16, 23, 30 iulie, 13 august<\/strong><\/p>\n<p>de la <strong>979 Euro\/persoan\u0103<\/strong> \u00een camer\u0103 dubl\u0103 standard cu mic dejun\/ pachet servicii<br \/>\n<strong>date de plecare: 06, 20 august<\/strong><\/p>\n<p><strong>Servicii incluse:<\/strong><br \/>\n\u25d9 bilet de avion curs\u0103 charter Bucure\u0219ti &#8211; Dubrovnik \u0219i retur (taxe de aeroport \u0219i un bagaj de cal\u0103 incluse)<br \/>\n\u25d9 cazare 7 nop\u021bi \u00een camer\u0103 dubl\u0103 standard cu mic dejun<br \/>\n\u25d9 transfer de grup aeroport &#8211; hotel &#8211; aeroport<br \/>\n\u25d9 asisten\u021b\u0103 turistic\u0103 local\u0103<\/p>\n<p><strong>Nu sunt incluse: <\/strong><\/p>\n<p>asigurare medical\u0103 de c\u0103l\u0103torie \u0219i asigurare STORNO cu protec\u021bie COVID-19 inclus\u0103<br \/>\ntaxa de ora\u0219 (se achit\u0103 direct la recep\u021bia hotelului)<br \/>\nexcursiile op\u021bionale \u0219i intr\u0103rile la obiective turistice<\/p>\n<p>Detalii suplimentare \u0219i rezerv\u0103ri la<br \/>\ne-mail:<strong><span style=\"color: #800000;\"><a style=\"color: #800000;\" href=\"mailto:incoming@anchor-travel.ro\" target=\"_blank\" rel=\"noopener\">outgoing@anchor-travel.ro<\/a><\/span><\/strong><span style=\"color: #000000;\"><br \/>\n<strong><span style=\"color: #800000;\">Tel: +40 21 529 77 51\/2\/3<\/span><\/strong><\/span><\/p>\n","protected":false},"featured_media":2695,"template":"","meta":[],"product_cat":[23],"product_tag":[],"class_list":{"0":"post-2691","1":"product","2":"type-product","3":"status-publish","4":"has-post-thumbnail","6":"product_cat-uncategorized","8":"first","9":"instock","10":"shipping-taxable","11":"product-type-simple"},"_links":{"self":[{"href":"https:\/\/anchor-travel.ro\/index.php?rest_route=\/wp\/v2\/product\/2691","targetHints":{"allow":["GET"]}}],"collection":[{"href":"https:\/\/anchor-travel.ro\/index.php?rest_route=\/wp\/v2\/product"}],"about":[{"href":"https:\/\/anchor-travel.ro\/index.php?rest_route=\/wp\/v2\/types\/product"}],"version-history":[{"count":1,"href":"https:\/\/anchor-travel.ro\/index.php?rest_route=\/wp\/v2\/product\/2691\/revisions"}],"predecessor-version":[{"id":2705,"href":"https:\/\/anchor-travel.ro\/index.php?rest_route=\/wp\/v2\/product\/2691\/revisions\/2705"}],"wp:featuredmedia":[{"embeddable":true,"href":"https:\/\/anchor-travel.ro\/index.php?rest_route=\/wp\/v2\/media\/2695"}],"wp:attachment":[{"href":"https:\/\/anchor-travel.ro\/index.php?rest_route=%2Fwp%2Fv2%2Fmedia&parent=2691"}],"wp:term":[{"taxonomy":"product_cat","embeddable":true,"href":"https:\/\/anchor-travel.ro\/index.php?rest_route=%2Fwp%2Fv2%2Fproduct_cat&post=2691"},{"taxonomy":"product_tag","embeddable":true,"href":"https:\/\/anchor-travel.ro\/index.php?rest_route=%2Fwp%2Fv2%2Fproduct_tag&post=2691"}],"curies":[{"name":"wp","href":"https:\/\/api.w.org\/{rel}","templated":true}]}}