{"id":2493,"date":"2021-09-16T12:48:52","date_gmt":"2021-09-16T12:48:52","guid":{"rendered":"https:\/\/anchor-travel.com\/?post_type=product&#038;p=2493"},"modified":"2021-09-24T07:13:16","modified_gmt":"2021-09-24T07:13:16","slug":"velassaru","status":"publish","type":"product","link":"https:\/\/anchor-travel.ro\/?product=velassaru","title":{"rendered":"VELASSARU"},"content":{"rendered":"<p>\u2b50\ufe0f\u2b50\ufe0f\u2b50\ufe0f\u2b50\ufe0f\u2b50\ufe0f<\/p>\n<p>Hotelul <strong>VELASSARU Maldives<\/strong> este amplasat \u00een centrul atolului Sud Male, la aprox. 12 km de aeroportul interna\u021bional Male. Transferul de la\/la aeroport este realizat cu barca cu motor (aprox. 25 minute). Complexul este \u00eenconjurat de cele mai frumoase plaje cu nisip alb, o lagun\u0103 turcoaz \u0219i vegeta\u021bie luxuriant\u0103.<\/p>\n<p><span style=\"color: #800000;\"><strong>Facilit\u0103\u021bi<\/strong>: zona de restaurante \u0219i baruri cu 7 localuri ce ofer\u0103 o varietate de preparate inspirate din buc\u0103t\u0103ria local\u0103 \u0219i interna\u021bional\u0103; piscin\u0103 Infinity, sal\u0103 de fitness \u0219i teren de tenis. Ofer\u0103 gratuit echipamentele necesare pentru snorkeling. Centrul Spa include baie cu aburi, zon\u0103 de relaxare, jacuzzi, diverse tipuri de masaj, tratamente faciale\/corporale \u0219i servicii de \u00eenfrumuse\u021bare (anumite servicii sunt contra cost).<\/span><br \/>\n<span style=\"color: #800000;\"><strong>Cazare<\/strong>: 129 spa\u021bii de cazare deosebite, luminoase \u0219i spa\u021bioase, amplasate pe plaj\u0103 sau pe ap\u0103. Interioarele au mobilier din lemn de tec \u0219i decora\u021biuni \u00een nuan\u021be calde. Toate spa\u021biile de cazare sunt dotate cu aer condi\u021bionat, ventilator de tavan, televizor, internet WIFI, telefon, seif, minibar, facilit\u0103\u021bi pentru ceai\/ cafea, baie, usc\u0103tor de p\u0103r, halate de baie \u0219i papuci<\/span><\/p>\n","protected":false},"excerpt":{"rendered":"<p><strong>de la 3035 Euro\/persoan\u0103<\/strong>, loc in camera dubla bungalow<br \/>\nperioada de c\u0103l\u0103torie: <strong>31 Octombrie &#8211; 06 Februarie 2022, \u00een fiecare zi de DUMINICA<\/strong><br \/>\n<strong>Servicii incluse<\/strong>:<br \/>\n\u25d9 bilet de avion curs\u0103 charter direct\u0103 Bucure\u0219ti &#8211; Male \u0219i retur cu taxele de aeroport si catering incluse<br \/>\n\u25d9 cazare 7 nop\u021bi \u00een camer\u0103 dubl\u0103 bungalow cu pensiune completa<br \/>\n\u25d9 transfer de grup aeroport &#8211; hotel &#8211; aeroport<br \/>\n\u25d9 asisten\u021b\u0103 turistic\u0103 local\u0103<br \/>\n\u25d9 asigurarea medical\u0103 de c\u0103l\u0103torie \u0219i asigurarea STORNO cu protec\u021bie Covid-19 inclus\u0103<\/p>\n<p>Detalii suplimentare \u0219i rezerv\u0103ri la<br \/>\ne-mail:<strong><span style=\"color: #800000;\"><a style=\"color: #800000;\" href=\"mailto:incoming@anchor-travel.ro\" target=\"_blank\" rel=\"noopener\">outgoing@anchor-travel.ro<\/a><\/span><\/strong><span style=\"color: #000000;\"><br \/>\n<strong><span style=\"color: #800000;\">Tel: +40 21 529 77 51\/2\/3<\/span><\/strong><\/span><\/p>\n","protected":false},"featured_media":2494,"template":"","meta":[],"product_cat":[23],"product_tag":[],"class_list":{"0":"post-2493","1":"product","2":"type-product","3":"status-publish","4":"has-post-thumbnail","6":"product_cat-uncategorized","8":"first","9":"instock","10":"shipping-taxable","11":"product-type-simple"},"_links":{"self":[{"href":"https:\/\/anchor-travel.ro\/index.php?rest_route=\/wp\/v2\/product\/2493","targetHints":{"allow":["GET"]}}],"collection":[{"href":"https:\/\/anchor-travel.ro\/index.php?rest_route=\/wp\/v2\/product"}],"about":[{"href":"https:\/\/anchor-travel.ro\/index.php?rest_route=\/wp\/v2\/types\/product"}],"version-history":[{"count":1,"href":"https:\/\/anchor-travel.ro\/index.php?rest_route=\/wp\/v2\/product\/2493\/revisions"}],"predecessor-version":[{"id":2504,"href":"https:\/\/anchor-travel.ro\/index.php?rest_route=\/wp\/v2\/product\/2493\/revisions\/2504"}],"wp:featuredmedia":[{"embeddable":true,"href":"https:\/\/anchor-travel.ro\/index.php?rest_route=\/wp\/v2\/media\/2494"}],"wp:attachment":[{"href":"https:\/\/anchor-travel.ro\/index.php?rest_route=%2Fwp%2Fv2%2Fmedia&parent=2493"}],"wp:term":[{"taxonomy":"product_cat","embeddable":true,"href":"https:\/\/anchor-travel.ro\/index.php?rest_route=%2Fwp%2Fv2%2Fproduct_cat&post=2493"},{"taxonomy":"product_tag","embeddable":true,"href":"https:\/\/anchor-travel.ro\/index.php?rest_route=%2Fwp%2Fv2%2Fproduct_tag&post=2493"}],"curies":[{"name":"wp","href":"https:\/\/api.w.org\/{rel}","templated":true}]}}