{"id":2365,"date":"2021-09-13T09:13:23","date_gmt":"2021-09-13T09:13:23","guid":{"rendered":"https:\/\/anchor-travel.com\/?post_type=product&#038;p=2365"},"modified":"2021-09-24T07:09:00","modified_gmt":"2021-09-24T07:09:00","slug":"pullman-jumeirah-lake-towers","status":"publish","type":"product","link":"https:\/\/anchor-travel.ro\/?product=pullman-jumeirah-lake-towers","title":{"rendered":"Pullman Jumeirah Lake Towers"},"content":{"rendered":"<p>\u2b50\ufe0f\u2b50\ufe0f\u2b50\ufe0f\u2b50\ufe0f\u2b50\ufe0f<\/p>\n<p>Hotel PULLMAN JUMEIRAH LAKE TOWERS 5 stele, situat central, intr-o zona dinamica cu vedere la Dubai Marina \u0219i terenul de golf Emirates.<\/p>\n<p><span style=\"color: #800000;\"><strong>Facilitati<\/strong>: restaurant cu specific italian, Shisha lounge, restaurant de design, Seasons, deschis pe \u00eentreaga durata a zilei, SPA \u0219i fitness, piscin\u0103 exterioar\u0103 situat\u0103 pe acoperi\u0219, ce ofer\u0103 o priveliste spectaculoas\u0103 asupra ora\u0219ului.<\/span><br \/>\n<span style=\"color: #800000;\">Cazare: camere cu design contemporan cald \u0219i elegant, cu vedere la lac sau la portul de agrement Dubai, dotate cu birou, aer conditionat, minibar, aparat de cafea, Wi-Fi gratuit, TV LED HD, confort la nivel \u00eenalt cu conceptul de pat Pullman, baie modern\u0103 cu cabin\u0103 de du\u0219 \u0219i cad\u0103.<\/span><\/p>\n<p><em>Se solicit\u0103 test negativ COVID-19 PCR cu 72 ore \u00eenainte de zbor.<\/em><\/p>\n","protected":false},"excerpt":{"rendered":"<p>Curs\u0103 charter, compania Blue Air \u00eencep\u00e2nd cu<strong> 31 octombrie 2021<\/strong><br \/>\n<strong>de la 1627 Euro\/persoan\u0103<\/strong> \u00een camera dubl\u0103 superior cu mic dejun\/ pachet servicii<br \/>\n<strong>Reducere Early Booking<\/strong> inclus\u0103 pentru rezerv\u0103ri confirmate <strong>p\u00e2n\u0103 la 31.08.2021<\/strong><br \/>\nServicii incluse:<br \/>\nbilet de avion cursa charter compania Blue Air (taxe de aeroport \u0219i un bagaj de cala incluse)<br \/>\ncazare 7 nop\u021bi \u00een camer\u0103 dubl\u0103 superior cu mic dejun<br \/>\ntransfer de grup aeroport &#8211; hotel &#8211; aeroport<br \/>\nasisten\u021b\u0103 turistic\u0103<\/p>\n<p>NU sunt incluse:<br \/>\nasigurare medical\u0103 de c\u0103l\u0103torie \u0219i asigurare STORNO cu protec\u021bie COVID-19 inclus\u0103<br \/>\ntaxa de ora\u0219 (se achit\u0103 direct la recep\u021bia hotelului)<br \/>\nexcursiile op\u021bionale \u0219i intr\u0103rile la obiective turistice<\/p>\n<p>Detalii suplimentare \u0219i rezerv\u0103ri la<br \/>\ne-mail:<strong><span style=\"color: #800000;\"><a style=\"color: #800000;\" href=\"mailto:incoming@anchor-travel.ro\" target=\"_blank\" rel=\"noopener\">outgoing@anchor-travel.ro<\/a><\/span><\/strong><span style=\"color: #000000;\"><br \/>\n<strong><span style=\"color: #800000;\">Tel: +40 21 529 77 51\/2\/3<\/span><\/strong><\/span><\/p>\n","protected":false},"featured_media":2367,"template":"","meta":[],"product_cat":[23],"product_tag":[],"class_list":{"0":"post-2365","1":"product","2":"type-product","3":"status-publish","4":"has-post-thumbnail","6":"product_cat-uncategorized","8":"first","9":"instock","10":"shipping-taxable","11":"product-type-simple"},"_links":{"self":[{"href":"https:\/\/anchor-travel.ro\/index.php?rest_route=\/wp\/v2\/product\/2365","targetHints":{"allow":["GET"]}}],"collection":[{"href":"https:\/\/anchor-travel.ro\/index.php?rest_route=\/wp\/v2\/product"}],"about":[{"href":"https:\/\/anchor-travel.ro\/index.php?rest_route=\/wp\/v2\/types\/product"}],"version-history":[{"count":0,"href":"https:\/\/anchor-travel.ro\/index.php?rest_route=\/wp\/v2\/product\/2365\/revisions"}],"wp:featuredmedia":[{"embeddable":true,"href":"https:\/\/anchor-travel.ro\/index.php?rest_route=\/wp\/v2\/media\/2367"}],"wp:attachment":[{"href":"https:\/\/anchor-travel.ro\/index.php?rest_route=%2Fwp%2Fv2%2Fmedia&parent=2365"}],"wp:term":[{"taxonomy":"product_cat","embeddable":true,"href":"https:\/\/anchor-travel.ro\/index.php?rest_route=%2Fwp%2Fv2%2Fproduct_cat&post=2365"},{"taxonomy":"product_tag","embeddable":true,"href":"https:\/\/anchor-travel.ro\/index.php?rest_route=%2Fwp%2Fv2%2Fproduct_tag&post=2365"}],"curies":[{"name":"wp","href":"https:\/\/api.w.org\/{rel}","templated":true}]}}