{"id":2014,"date":"2021-09-08T13:21:06","date_gmt":"2021-09-08T13:21:06","guid":{"rendered":"https:\/\/anchor-travel.com\/?post_type=product&#038;p=2014"},"modified":"2021-09-10T08:13:02","modified_gmt":"2021-09-10T08:13:02","slug":"kim-country-club","status":"publish","type":"product","link":"https:\/\/anchor-travel.ro\/?product=kim-country-club","title":{"rendered":"KIM COUNTRY CLUB"},"content":{"rendered":"<p>\u2b50\ufe0f\u2b50\ufe0f\u2b50\ufe0f\u2b50\ufe0f\u2b50\ufe0f<\/p>\n<p><strong>KIM Country Club<\/strong> &#8211; un resort exclusivist dezvoltat pe o suprafa\u021b\u0103 de 3 hectare, \u00een cadrul domeniului Fr\u00e2ncule\u0219ti, la liziera p\u0103durii, este situat la o distan\u021b\u0103 de 17 km de Ploie\u0219ti.<br \/>\nResortul ofer\u0103 o pensiune de 5 stele cu spa\u021bii de cazare tip boutique rooms, restaurant, lounge, bar, terase, piscin\u0103 infinit\u0103, teren de tenis, spa\u021bii de joac\u0103 pentru copii, fiind alegerea perfect\u0103 pentru momentele de relaxare \u0219i confort.<\/p>\n<p><em>Primim TICHETE DE VACAN\u021a\u0102 pentru plata serviciilor de cazare \u0219i mas\u0103.<\/em><\/p>\n","protected":false},"excerpt":{"rendered":"<p><strong>480 lei\/camera dubl\u0103 deluxe, mic dejun inclus<\/strong><br \/>\n<strong>Pre\u021bul este valabil pentru rezervari de minim 2 nop\u021bi.<\/strong><\/p>\n<p>Detalii suplimentare \u0219i rezerv\u0103ri la<br \/>\ne-mail: <strong><span style=\"color: #800000;\"><a style=\"color: #800000;\" href=\"mailto:incoming@anchor-travel.ro\" target=\"_blank\" rel=\"noopener\">incoming@anchor-travel.ro<\/a><\/span><\/strong><span style=\"color: #000000;\"><br \/>\n<strong><span style=\"color: #800000;\">Tel: +40 21 529 77 51\/2\/3<\/span><\/strong><\/span><\/p>\n","protected":false},"featured_media":2015,"template":"","meta":[],"product_cat":[23],"product_tag":[],"class_list":{"0":"post-2014","1":"product","2":"type-product","3":"status-publish","4":"has-post-thumbnail","6":"product_cat-uncategorized","8":"first","9":"instock","10":"shipping-taxable","11":"product-type-simple"},"_links":{"self":[{"href":"https:\/\/anchor-travel.ro\/index.php?rest_route=\/wp\/v2\/product\/2014","targetHints":{"allow":["GET"]}}],"collection":[{"href":"https:\/\/anchor-travel.ro\/index.php?rest_route=\/wp\/v2\/product"}],"about":[{"href":"https:\/\/anchor-travel.ro\/index.php?rest_route=\/wp\/v2\/types\/product"}],"version-history":[{"count":0,"href":"https:\/\/anchor-travel.ro\/index.php?rest_route=\/wp\/v2\/product\/2014\/revisions"}],"wp:featuredmedia":[{"embeddable":true,"href":"https:\/\/anchor-travel.ro\/index.php?rest_route=\/wp\/v2\/media\/2015"}],"wp:attachment":[{"href":"https:\/\/anchor-travel.ro\/index.php?rest_route=%2Fwp%2Fv2%2Fmedia&parent=2014"}],"wp:term":[{"taxonomy":"product_cat","embeddable":true,"href":"https:\/\/anchor-travel.ro\/index.php?rest_route=%2Fwp%2Fv2%2Fproduct_cat&post=2014"},{"taxonomy":"product_tag","embeddable":true,"href":"https:\/\/anchor-travel.ro\/index.php?rest_route=%2Fwp%2Fv2%2Fproduct_tag&post=2014"}],"curies":[{"name":"wp","href":"https:\/\/api.w.org\/{rel}","templated":true}]}}