{"id":64,"date":"2021-06-15T12:24:04","date_gmt":"2021-06-15T12:24:04","guid":{"rendered":"https:\/\/anchor-travel.com\/?page_id=64"},"modified":"2023-05-12T16:19:20","modified_gmt":"2023-05-12T16:19:20","slug":"bilete-avion","status":"publish","type":"page","link":"https:\/\/anchor-travel.ro\/?page_id=64","title":{"rendered":"BILETE AVION"},"content":{"rendered":"\t\t<div data-elementor-type=\"wp-page\" data-elementor-id=\"64\" class=\"elementor elementor-64\">\n\t\t\t\t\t\t\t\t\t<section class=\"elementor-section elementor-top-section elementor-element elementor-element-373820c8 elementor-section-full_width elementor-section-height-min-height elementor-section-content-middle elementor-section-stretched elementor-section-items-top elementor-section-height-default\" data-id=\"373820c8\" data-element_type=\"section\" data-settings=\"{&quot;stretch_section&quot;:&quot;section-stretched&quot;,&quot;background_background&quot;:&quot;classic&quot;}\">\n\t\t\t\t\t\t<div class=\"elementor-container elementor-column-gap-default\">\n\t\t\t\t\t<div class=\"elementor-column elementor-col-50 elementor-top-column elementor-element elementor-element-37f7b571\" data-id=\"37f7b571\" data-element_type=\"column\">\n\t\t\t<div class=\"elementor-widget-wrap elementor-element-populated\">\n\t\t\t\t\t\t\t\t<div class=\"elementor-element elementor-element-35142a0b elementor-absolute elementor-widget elementor-widget-heading\" data-id=\"35142a0b\" data-element_type=\"widget\" data-settings=\"{&quot;_position&quot;:&quot;absolute&quot;}\" data-widget_type=\"heading.default\">\n\t\t\t\t<div class=\"elementor-widget-container\">\n\t\t\t<h2 class=\"elementor-heading-title elementor-size-default\">BILETE AVION<\/h2>\t\t<\/div>\n\t\t\t\t<\/div>\n\t\t\t\t<div class=\"elementor-element elementor-element-7ba32a0 elementor-absolute elementor-widget elementor-widget-text-editor\" data-id=\"7ba32a0\" data-element_type=\"widget\" data-settings=\"{&quot;_position&quot;:&quot;absolute&quot;}\" data-widget_type=\"text-editor.default\">\n\t\t\t\t<div class=\"elementor-widget-container\">\n\t\t\t\t\t\t\tSuntem agent acreditat IATA<br\/>(International Air Transport Association)\t\t\t\t\t\t<\/div>\n\t\t\t\t<\/div>\n\t\t\t\t\t<\/div>\n\t\t<\/div>\n\t\t\t\t<div class=\"elementor-column elementor-col-50 elementor-top-column elementor-element elementor-element-568c6e87\" data-id=\"568c6e87\" data-element_type=\"column\">\n\t\t\t<div class=\"elementor-widget-wrap\">\n\t\t\t\t\t\t\t\t\t<\/div>\n\t\t<\/div>\n\t\t\t\t\t\t\t<\/div>\n\t\t<\/section>\n\t\t\t\t<section class=\"elementor-section elementor-top-section elementor-element elementor-element-ae30820 elementor-section-full_width elementor-section-height-default elementor-section-height-default\" data-id=\"ae30820\" data-element_type=\"section\">\n\t\t\t\t\t\t<div class=\"elementor-container elementor-column-gap-default\">\n\t\t\t\t\t<div class=\"elementor-column elementor-col-100 elementor-top-column elementor-element elementor-element-9ec2b56\" data-id=\"9ec2b56\" data-element_type=\"column\">\n\t\t\t<div class=\"elementor-widget-wrap elementor-element-populated\">\n\t\t\t\t\t\t\t\t<div class=\"elementor-element elementor-element-24832ac elementor-widget elementor-widget-spacer\" data-id=\"24832ac\" data-element_type=\"widget\" data-widget_type=\"spacer.default\">\n\t\t\t\t<div class=\"elementor-widget-container\">\n\t\t\t\t\t<div class=\"elementor-spacer\">\n\t\t\t<div class=\"elementor-spacer-inner\"><\/div>\n\t\t<\/div>\n\t\t\t\t<\/div>\n\t\t\t\t<\/div>\n\t\t\t\t<section class=\"elementor-section elementor-inner-section elementor-element elementor-element-5d812ad elementor-section-full_width elementor-section-height-default elementor-section-height-default\" data-id=\"5d812ad\" data-element_type=\"section\">\n\t\t\t\t\t\t<div class=\"elementor-container elementor-column-gap-custom\">\n\t\t\t\t\t<div class=\"elementor-column elementor-col-50 elementor-inner-column elementor-element elementor-element-53dd9d2\" data-id=\"53dd9d2\" data-element_type=\"column\">\n\t\t\t<div class=\"elementor-widget-wrap elementor-element-populated\">\n\t\t\t\t\t\t\t\t<div class=\"elementor-element elementor-element-7725b3a elementor-invisible elementor-widget elementor-widget-text-editor\" data-id=\"7725b3a\" data-element_type=\"widget\" data-settings=\"{&quot;_animation&quot;:&quot;slideInLeft&quot;}\" data-widget_type=\"text-editor.default\">\n\t\t\t\t<div class=\"elementor-widget-container\">\n\t\t\t\t\t\t\t<p><span style=\"font-weight: 400;\">Anchor Travel ofera clien\u021bilor s\u0103i rezerv\u0103ri \u015fi emiteri de bilete de avion pentru orice destina\u0163ie intern\u0103 sau extern\u0103 pe toate companiile aeriene<\/span><\/p>\t\t\t\t\t\t<\/div>\n\t\t\t\t<\/div>\n\t\t\t\t<div class=\"elementor-element elementor-element-61d8e44 elementor-widget elementor-widget-image\" data-id=\"61d8e44\" data-element_type=\"widget\" data-widget_type=\"image.default\">\n\t\t\t\t<div class=\"elementor-widget-container\">\n\t\t\t\t\t\t\t\t\t\t\t\t\t\t\t<img decoding=\"async\" width=\"40\" height=\"38\" src=\"https:\/\/anchor-travel.ro\/wp-content\/uploads\/2021\/07\/icon4.jpg\" class=\"attachment-thumbnail size-thumbnail wp-image-568\" alt=\"\" \/>\t\t\t\t\t\t\t\t\t\t\t\t\t\t\t<\/div>\n\t\t\t\t<\/div>\n\t\t\t\t<div class=\"elementor-element elementor-element-fb09297 elementor-invisible elementor-widget elementor-widget-text-editor\" data-id=\"fb09297\" data-element_type=\"widget\" data-settings=\"{&quot;_animation&quot;:&quot;slideInLeft&quot;}\" data-widget_type=\"text-editor.default\">\n\t\t\t\t<div class=\"elementor-widget-container\">\n\t\t\t\t\t\t\t<p><span style=\"font-weight: 400;\">Suntem conecta\u021bi la 2 sisteme GDS: Amadeus si Travelport, precum \u0219i la sistemele de rezerv\u0103ri ale companiilor aeriene ce opereaz\u0103 curse regulate si low cost.<\/span><\/p>\t\t\t\t\t\t<\/div>\n\t\t\t\t<\/div>\n\t\t\t\t<div class=\"elementor-element elementor-element-f6e1a7c elementor-widget elementor-widget-image\" data-id=\"f6e1a7c\" data-element_type=\"widget\" data-widget_type=\"image.default\">\n\t\t\t\t<div class=\"elementor-widget-container\">\n\t\t\t\t\t\t\t\t\t\t\t\t\t\t\t<img decoding=\"async\" width=\"40\" height=\"38\" src=\"https:\/\/anchor-travel.ro\/wp-content\/uploads\/2021\/07\/icon4.jpg\" class=\"attachment-thumbnail size-thumbnail wp-image-568\" alt=\"\" \/>\t\t\t\t\t\t\t\t\t\t\t\t\t\t\t<\/div>\n\t\t\t\t<\/div>\n\t\t\t\t<div class=\"elementor-element elementor-element-eb6406e elementor-invisible elementor-widget elementor-widget-text-editor\" data-id=\"eb6406e\" data-element_type=\"widget\" data-settings=\"{&quot;_animation&quot;:&quot;slideInLeft&quot;}\" data-widget_type=\"text-editor.default\">\n\t\t\t\t<div class=\"elementor-widget-container\">\n\t\t\t\t\t\t\t<p><span style=\"font-weight: 400;\">La cerere, v\u0103 oferim servicii speciale cum ar fi: rezervarea locului dorit \u00een avion, meniul preferat, check-in online, servicii VIP, protocol in aeroport, asisten\u0163\u0103 la transferuri, consultan\u0163\u0103 in planificarea c\u0103l\u0103toriei si multe altele<\/span><\/p>\t\t\t\t\t\t<\/div>\n\t\t\t\t<\/div>\n\t\t\t\t<div class=\"elementor-element elementor-element-d231121 elementor-widget elementor-widget-image\" data-id=\"d231121\" data-element_type=\"widget\" data-widget_type=\"image.default\">\n\t\t\t\t<div class=\"elementor-widget-container\">\n\t\t\t\t\t\t\t\t\t\t\t\t\t\t\t<img decoding=\"async\" width=\"40\" height=\"38\" src=\"https:\/\/anchor-travel.ro\/wp-content\/uploads\/2021\/07\/icon4.jpg\" class=\"attachment-thumbnail size-thumbnail wp-image-568\" alt=\"\" \/>\t\t\t\t\t\t\t\t\t\t\t\t\t\t\t<\/div>\n\t\t\t\t<\/div>\n\t\t\t\t<div class=\"elementor-element elementor-element-093296c elementor-invisible elementor-widget elementor-widget-text-editor\" data-id=\"093296c\" data-element_type=\"widget\" data-settings=\"{&quot;_animation&quot;:&quot;slideInLeft&quot;}\" data-widget_type=\"text-editor.default\">\n\t\t\t\t<div class=\"elementor-widget-container\">\n\t\t\t\t\t\t\t<p>O dat\u0103 cu semnarea contractului, \u00eenregistr\u0103m compania Dvs \u00een programele de fidelitate ale companiilor aeriene, astfel \u00eenc\u00e2t s\u0103 pute\u0163i acumula puncte \u00een func\u0163ie de num\u0103rul de mile c\u0103l\u0103torite.<\/p>\t\t\t\t\t\t<\/div>\n\t\t\t\t<\/div>\n\t\t\t\t<div class=\"elementor-element elementor-element-8a20476 elementor-widget elementor-widget-image\" data-id=\"8a20476\" data-element_type=\"widget\" data-widget_type=\"image.default\">\n\t\t\t\t<div class=\"elementor-widget-container\">\n\t\t\t\t\t\t\t\t\t\t\t\t\t\t\t<img decoding=\"async\" width=\"40\" height=\"38\" src=\"https:\/\/anchor-travel.ro\/wp-content\/uploads\/2021\/07\/icon4.jpg\" class=\"attachment-thumbnail size-thumbnail wp-image-568\" alt=\"\" \/>\t\t\t\t\t\t\t\t\t\t\t\t\t\t\t<\/div>\n\t\t\t\t<\/div>\n\t\t\t\t<div class=\"elementor-element elementor-element-398df3b elementor-invisible elementor-widget elementor-widget-text-editor\" data-id=\"398df3b\" data-element_type=\"widget\" data-settings=\"{&quot;_animation&quot;:&quot;slideInLeft&quot;}\" data-widget_type=\"text-editor.default\">\n\t\t\t\t<div class=\"elementor-widget-container\">\n\t\t\t\t\t\t\t<p><span style=\"font-weight: 400;\">V\u0103 inform\u0103m regulat despre programele de fidelizare oferite de companiile aeriene \u015fi urm\u0103rim \u00eendeaproape acumularea milelor c\u0103l\u0103torite \u00een contul Dvs<\/span><\/p>\t\t\t\t\t\t<\/div>\n\t\t\t\t<\/div>\n\t\t\t\t<div class=\"elementor-element elementor-element-db332f8 elementor-widget elementor-widget-image\" data-id=\"db332f8\" data-element_type=\"widget\" data-widget_type=\"image.default\">\n\t\t\t\t<div class=\"elementor-widget-container\">\n\t\t\t\t\t\t\t\t\t\t\t\t\t\t\t<img decoding=\"async\" width=\"40\" height=\"38\" src=\"https:\/\/anchor-travel.ro\/wp-content\/uploads\/2021\/07\/icon4.jpg\" class=\"attachment-thumbnail size-thumbnail wp-image-568\" alt=\"\" \/>\t\t\t\t\t\t\t\t\t\t\t\t\t\t\t<\/div>\n\t\t\t\t<\/div>\n\t\t\t\t<div class=\"elementor-element elementor-element-587a999 elementor-invisible elementor-widget elementor-widget-text-editor\" data-id=\"587a999\" data-element_type=\"widget\" data-settings=\"{&quot;_animation&quot;:&quot;slideInLeft&quot;}\" data-widget_type=\"text-editor.default\">\n\t\t\t\t<div class=\"elementor-widget-container\">\n\t\t\t\t\t\t\t<p>La cererea Dvs, v\u0103 transmitem rapoarte lunare\u00a0 detaliate despre rezerv\u0103rile Dvs<\/p>\t\t\t\t\t\t<\/div>\n\t\t\t\t<\/div>\n\t\t\t\t\t<\/div>\n\t\t<\/div>\n\t\t\t\t<div class=\"elementor-column elementor-col-50 elementor-inner-column elementor-element elementor-element-4aefcbd\" data-id=\"4aefcbd\" data-element_type=\"column\">\n\t\t\t<div class=\"elementor-widget-wrap elementor-element-populated\">\n\t\t\t\t\t\t\t\t<div class=\"elementor-element elementor-element-7c449bf elementor-widget elementor-widget-spacer\" data-id=\"7c449bf\" data-element_type=\"widget\" data-widget_type=\"spacer.default\">\n\t\t\t\t<div class=\"elementor-widget-container\">\n\t\t\t\t\t<div class=\"elementor-spacer\">\n\t\t\t<div class=\"elementor-spacer-inner\"><\/div>\n\t\t<\/div>\n\t\t\t\t<\/div>\n\t\t\t\t<\/div>\n\t\t\t\t<div class=\"elementor-element elementor-element-591bb1a elementor-align-center e-transform elementor-widget elementor-widget-button\" data-id=\"591bb1a\" data-element_type=\"widget\" data-settings=\"{&quot;_transform_translateX_effect_hover&quot;:{&quot;unit&quot;:&quot;px&quot;,&quot;size&quot;:&quot;&quot;,&quot;sizes&quot;:[]},&quot;_transform_translateX_effect_hover_tablet&quot;:{&quot;unit&quot;:&quot;px&quot;,&quot;size&quot;:&quot;&quot;,&quot;sizes&quot;:[]},&quot;_transform_translateX_effect_hover_mobile&quot;:{&quot;unit&quot;:&quot;px&quot;,&quot;size&quot;:&quot;&quot;,&quot;sizes&quot;:[]},&quot;_transform_translateY_effect_hover&quot;:{&quot;unit&quot;:&quot;px&quot;,&quot;size&quot;:&quot;&quot;,&quot;sizes&quot;:[]},&quot;_transform_translateY_effect_hover_tablet&quot;:{&quot;unit&quot;:&quot;px&quot;,&quot;size&quot;:&quot;&quot;,&quot;sizes&quot;:[]},&quot;_transform_translateY_effect_hover_mobile&quot;:{&quot;unit&quot;:&quot;px&quot;,&quot;size&quot;:&quot;&quot;,&quot;sizes&quot;:[]}}\" data-widget_type=\"button.default\">\n\t\t\t\t<div class=\"elementor-widget-container\">\n\t\t\t\t\t<div class=\"elementor-button-wrapper\">\n\t\t\t<a href=\"https:\/\/anchor-travel.ro\/?page_id=1815\" class=\"elementor-button-link elementor-button elementor-size-lg\" role=\"button\">\n\t\t\t\t\t\t<span class=\"elementor-button-content-wrapper\">\n\t\t\t\t\t\t\t<span class=\"elementor-button-icon elementor-align-icon-right\">\n\t\t\t\t<i aria-hidden=\"true\" class=\"far fa-arrow-alt-circle-right\"><\/i>\t\t\t<\/span>\n\t\t\t\t\t\t<span class=\"elementor-button-text\">Click pentru OFERTE SPECIALE<\/span>\n\t\t<\/span>\n\t\t\t\t\t<\/a>\n\t\t<\/div>\n\t\t\t\t<\/div>\n\t\t\t\t<\/div>\n\t\t\t\t<div class=\"elementor-element elementor-element-1f72014 gallery-spacing-custom elementor-widget elementor-widget-image-gallery\" data-id=\"1f72014\" data-element_type=\"widget\" data-widget_type=\"image-gallery.default\">\n\t\t\t\t<div class=\"elementor-widget-container\">\n\t\t\t\t\t<div class=\"elementor-image-gallery\">\n\t\t\t\n\t\t<style type=\"text\/css\">\n\t\t\t#gallery-1 {\n\t\t\t\tmargin: auto;\n\t\t\t}\n\t\t\t#gallery-1 .gallery-item {\n\t\t\t\tfloat: left;\n\t\t\t\tmargin-top: 10px;\n\t\t\t\ttext-align: center;\n\t\t\t\twidth: 50%;\n\t\t\t}\n\t\t\t#gallery-1 img {\n\t\t\t\tborder: 2px solid #cfcfcf;\n\t\t\t}\n\t\t\t#gallery-1 .gallery-caption {\n\t\t\t\tmargin-left: 0;\n\t\t\t}\n\t\t\t\/* see gallery_shortcode() in wp-includes\/media.php *\/\n\t\t<\/style>\n\t\t<div id='gallery-1' class='gallery galleryid-64 gallery-columns-2 gallery-size-full'><dl class='gallery-item'>\n\t\t\t<dt class='gallery-icon landscape'>\n\t\t\t\t<img decoding=\"async\" width=\"180\" height=\"41\" src=\"https:\/\/anchor-travel.ro\/wp-content\/uploads\/2021\/07\/aegean-airlines2.jpg\" class=\"attachment-full size-full\" alt=\"\" srcset=\"https:\/\/anchor-travel.ro\/wp-content\/uploads\/2021\/07\/aegean-airlines2-177x41.jpg 177w, https:\/\/anchor-travel.ro\/wp-content\/uploads\/2021\/07\/aegean-airlines2.jpg 180w\" sizes=\"(max-width: 180px) 100vw, 180px\" \/>\n\t\t\t<\/dt><\/dl><dl class='gallery-item'>\n\t\t\t<dt class='gallery-icon landscape'>\n\t\t\t\t<img decoding=\"async\" width=\"180\" height=\"46\" src=\"https:\/\/anchor-travel.ro\/wp-content\/uploads\/2021\/07\/aeroflot2.jpg\" class=\"attachment-full size-full\" alt=\"\" srcset=\"https:\/\/anchor-travel.ro\/wp-content\/uploads\/2021\/07\/aeroflot2-177x46.jpg 177w, https:\/\/anchor-travel.ro\/wp-content\/uploads\/2021\/07\/aeroflot2.jpg 180w\" sizes=\"(max-width: 180px) 100vw, 180px\" \/>\n\t\t\t<\/dt><\/dl><br style=\"clear: both\" \/><dl class='gallery-item'>\n\t\t\t<dt class='gallery-icon landscape'>\n\t\t\t\t<img decoding=\"async\" width=\"180\" height=\"50\" src=\"https:\/\/anchor-travel.ro\/wp-content\/uploads\/2021\/07\/air-europa2.jpg\" class=\"attachment-full size-full\" alt=\"\" srcset=\"https:\/\/anchor-travel.ro\/wp-content\/uploads\/2021\/07\/air-europa2-177x50.jpg 177w, https:\/\/anchor-travel.ro\/wp-content\/uploads\/2021\/07\/air-europa2.jpg 180w\" sizes=\"(max-width: 180px) 100vw, 180px\" \/>\n\t\t\t<\/dt><\/dl><dl class='gallery-item'>\n\t\t\t<dt class='gallery-icon landscape'>\n\t\t\t\t<img decoding=\"async\" width=\"190\" height=\"41\" src=\"https:\/\/anchor-travel.ro\/wp-content\/uploads\/2021\/07\/air-france2.jpg\" class=\"attachment-full size-full\" alt=\"\" \/>\n\t\t\t<\/dt><\/dl><br style=\"clear: both\" \/><dl class='gallery-item'>\n\t\t\t<dt class='gallery-icon landscape'>\n\t\t\t\t<img decoding=\"async\" width=\"180\" height=\"39\" src=\"https:\/\/anchor-travel.ro\/wp-content\/uploads\/2021\/07\/austrian-airlines2.jpg\" class=\"attachment-full size-full\" alt=\"\" srcset=\"https:\/\/anchor-travel.ro\/wp-content\/uploads\/2021\/07\/austrian-airlines2-177x39.jpg 177w, https:\/\/anchor-travel.ro\/wp-content\/uploads\/2021\/07\/austrian-airlines2.jpg 180w\" sizes=\"(max-width: 180px) 100vw, 180px\" \/>\n\t\t\t<\/dt><\/dl><dl class='gallery-item'>\n\t\t\t<dt class='gallery-icon landscape'>\n\t\t\t\t<img decoding=\"async\" width=\"180\" height=\"59\" src=\"https:\/\/anchor-travel.ro\/wp-content\/uploads\/2021\/07\/Blue_Air2.jpg\" class=\"attachment-full size-full\" alt=\"\" srcset=\"https:\/\/anchor-travel.ro\/wp-content\/uploads\/2021\/07\/Blue_Air2-177x59.jpg 177w, https:\/\/anchor-travel.ro\/wp-content\/uploads\/2021\/07\/Blue_Air2.jpg 180w\" sizes=\"(max-width: 180px) 100vw, 180px\" \/>\n\t\t\t<\/dt><\/dl><br style=\"clear: both\" \/><dl class='gallery-item'>\n\t\t\t<dt class='gallery-icon landscape'>\n\t\t\t\t<img decoding=\"async\" width=\"180\" height=\"41\" src=\"https:\/\/anchor-travel.ro\/wp-content\/uploads\/2021\/07\/british2.jpg\" class=\"attachment-full size-full\" alt=\"\" srcset=\"https:\/\/anchor-travel.ro\/wp-content\/uploads\/2021\/07\/british2-177x41.jpg 177w, https:\/\/anchor-travel.ro\/wp-content\/uploads\/2021\/07\/british2.jpg 180w\" sizes=\"(max-width: 180px) 100vw, 180px\" \/>\n\t\t\t<\/dt><\/dl><dl class='gallery-item'>\n\t\t\t<dt class='gallery-icon landscape'>\n\t\t\t\t<img decoding=\"async\" width=\"136\" height=\"50\" src=\"https:\/\/anchor-travel.ro\/wp-content\/uploads\/2021\/07\/czech-airlines2.jpg\" class=\"attachment-full size-full\" alt=\"\" \/>\n\t\t\t<\/dt><\/dl><br style=\"clear: both\" \/><dl class='gallery-item'>\n\t\t\t<dt class='gallery-icon landscape'>\n\t\t\t\t<img decoding=\"async\" width=\"163\" height=\"45\" src=\"https:\/\/anchor-travel.ro\/wp-content\/uploads\/2021\/07\/easy-jet2.jpg\" class=\"attachment-full size-full\" alt=\"\" \/>\n\t\t\t<\/dt><\/dl><dl class='gallery-item'>\n\t\t\t<dt class='gallery-icon landscape'>\n\t\t\t\t<img decoding=\"async\" width=\"133\" height=\"50\" src=\"https:\/\/anchor-travel.ro\/wp-content\/uploads\/2021\/07\/emirates2.jpg\" class=\"attachment-full size-full\" alt=\"\" \/>\n\t\t\t<\/dt><\/dl><br style=\"clear: both\" \/><dl class='gallery-item'>\n\t\t\t<dt class='gallery-icon landscape'>\n\t\t\t\t<img decoding=\"async\" width=\"158\" height=\"50\" src=\"https:\/\/anchor-travel.ro\/wp-content\/uploads\/2021\/07\/fly-dubai2.jpg\" class=\"attachment-full size-full\" alt=\"\" \/>\n\t\t\t<\/dt><\/dl><dl class='gallery-item'>\n\t\t\t<dt class='gallery-icon landscape'>\n\t\t\t\t<img decoding=\"async\" width=\"160\" height=\"42\" src=\"https:\/\/anchor-travel.ro\/wp-content\/uploads\/2021\/07\/iberia2.jpg\" class=\"attachment-full size-full\" alt=\"\" \/>\n\t\t\t<\/dt><\/dl><br style=\"clear: both\" \/><dl class='gallery-item'>\n\t\t\t<dt class='gallery-icon landscape'>\n\t\t\t\t<img decoding=\"async\" width=\"180\" height=\"35\" src=\"https:\/\/anchor-travel.ro\/wp-content\/uploads\/2021\/07\/loufthansa2.jpg\" class=\"attachment-full size-full\" alt=\"\" srcset=\"https:\/\/anchor-travel.ro\/wp-content\/uploads\/2021\/07\/loufthansa2-177x35.jpg 177w, https:\/\/anchor-travel.ro\/wp-content\/uploads\/2021\/07\/loufthansa2.jpg 180w\" sizes=\"(max-width: 180px) 100vw, 180px\" \/>\n\t\t\t<\/dt><\/dl><dl class='gallery-item'>\n\t\t\t<dt class='gallery-icon landscape'>\n\t\t\t\t<img decoding=\"async\" width=\"180\" height=\"40\" src=\"https:\/\/anchor-travel.ro\/wp-content\/uploads\/2021\/07\/Pegasus_Airlines2.jpg\" class=\"attachment-full size-full\" alt=\"\" srcset=\"https:\/\/anchor-travel.ro\/wp-content\/uploads\/2021\/07\/Pegasus_Airlines2-177x40.jpg 177w, https:\/\/anchor-travel.ro\/wp-content\/uploads\/2021\/07\/Pegasus_Airlines2.jpg 180w\" sizes=\"(max-width: 180px) 100vw, 180px\" \/>\n\t\t\t<\/dt><\/dl><br style=\"clear: both\" \/><dl class='gallery-item'>\n\t\t\t<dt class='gallery-icon landscape'>\n\t\t\t\t<img decoding=\"async\" width=\"160\" height=\"51\" src=\"https:\/\/anchor-travel.ro\/wp-content\/uploads\/2021\/07\/qatar-airways2.jpg\" class=\"attachment-full size-full\" alt=\"\" \/>\n\t\t\t<\/dt><\/dl><dl class='gallery-item'>\n\t\t\t<dt class='gallery-icon landscape'>\n\t\t\t\t<img decoding=\"async\" width=\"180\" height=\"44\" src=\"https:\/\/anchor-travel.ro\/wp-content\/uploads\/2021\/07\/Ryanair2.jpg\" class=\"attachment-full size-full\" alt=\"\" srcset=\"https:\/\/anchor-travel.ro\/wp-content\/uploads\/2021\/07\/Ryanair2-177x44.jpg 177w, https:\/\/anchor-travel.ro\/wp-content\/uploads\/2021\/07\/Ryanair2.jpg 180w\" sizes=\"(max-width: 180px) 100vw, 180px\" \/>\n\t\t\t<\/dt><\/dl><br style=\"clear: both\" \/><dl class='gallery-item'>\n\t\t\t<dt class='gallery-icon landscape'>\n\t\t\t\t<img decoding=\"async\" width=\"170\" height=\"46\" src=\"https:\/\/anchor-travel.ro\/wp-content\/uploads\/2021\/07\/Swiss2.jpg\" class=\"attachment-full size-full\" alt=\"\" \/>\n\t\t\t<\/dt><\/dl><dl class='gallery-item'>\n\t\t\t<dt class='gallery-icon landscape'>\n\t\t\t\t<img decoding=\"async\" width=\"185\" height=\"37\" src=\"https:\/\/anchor-travel.ro\/wp-content\/uploads\/2021\/07\/TAP_Portugal2.jpg\" class=\"attachment-full size-full\" alt=\"\" \/>\n\t\t\t<\/dt><\/dl><br style=\"clear: both\" \/><dl class='gallery-item'>\n\t\t\t<dt class='gallery-icon landscape'>\n\t\t\t\t<img decoding=\"async\" width=\"152\" height=\"50\" src=\"https:\/\/anchor-travel.ro\/wp-content\/uploads\/2021\/07\/tarom2.jpg\" class=\"attachment-full size-full\" alt=\"\" srcset=\"https:\/\/anchor-travel.ro\/wp-content\/uploads\/2021\/07\/tarom2-150x50.jpg 150w, https:\/\/anchor-travel.ro\/wp-content\/uploads\/2021\/07\/tarom2.jpg 152w\" sizes=\"(max-width: 152px) 100vw, 152px\" \/>\n\t\t\t<\/dt><\/dl><dl class='gallery-item'>\n\t\t\t<dt class='gallery-icon landscape'>\n\t\t\t\t<img decoding=\"async\" width=\"180\" height=\"37\" src=\"https:\/\/anchor-travel.ro\/wp-content\/uploads\/2021\/07\/Turkish-Airlines2.jpg\" class=\"attachment-full size-full\" alt=\"\" srcset=\"https:\/\/anchor-travel.ro\/wp-content\/uploads\/2021\/07\/Turkish-Airlines2-177x37.jpg 177w, https:\/\/anchor-travel.ro\/wp-content\/uploads\/2021\/07\/Turkish-Airlines2.jpg 180w\" sizes=\"(max-width: 180px) 100vw, 180px\" \/>\n\t\t\t<\/dt><\/dl><br style=\"clear: both\" \/><dl class='gallery-item'>\n\t\t\t<dt class='gallery-icon landscape'>\n\t\t\t\t<img decoding=\"async\" width=\"100\" height=\"45\" src=\"https:\/\/anchor-travel.ro\/wp-content\/uploads\/2021\/07\/Wizz_Air2.jpg\" class=\"attachment-full size-full\" alt=\"\" \/>\n\t\t\t<\/dt><\/dl>\n\t\t\t<br style='clear: both' \/>\n\t\t<\/div>\n\t\t<\/div>\n\t\t\t\t<\/div>\n\t\t\t\t<\/div>\n\t\t\t\t<div class=\"elementor-element elementor-element-41a7297 elementor-widget elementor-widget-spacer\" data-id=\"41a7297\" data-element_type=\"widget\" data-widget_type=\"spacer.default\">\n\t\t\t\t<div class=\"elementor-widget-container\">\n\t\t\t\t\t<div class=\"elementor-spacer\">\n\t\t\t<div class=\"elementor-spacer-inner\"><\/div>\n\t\t<\/div>\n\t\t\t\t<\/div>\n\t\t\t\t<\/div>\n\t\t\t\t\t<\/div>\n\t\t<\/div>\n\t\t\t\t\t\t\t<\/div>\n\t\t<\/section>\n\t\t\t\t\t<\/div>\n\t\t<\/div>\n\t\t\t\t\t\t\t<\/div>\n\t\t<\/section>\n\t\t\t\t\t\t\t<\/div>\n\t\t","protected":false},"excerpt":{"rendered":"<p>BILETE AVION Suntem agent acreditat IATA(International Air Transport Association) Anchor [&hellip;]<\/p>\n","protected":false},"author":1,"featured_media":0,"parent":0,"menu_order":0,"comment_status":"closed","ping_status":"closed","template":"elementor_header_footer","meta":{"footnotes":""},"class_list":["post-64","page","type-page","status-publish","hentry"],"_links":{"self":[{"href":"https:\/\/anchor-travel.ro\/index.php?rest_route=\/wp\/v2\/pages\/64","targetHints":{"allow":["GET"]}}],"collection":[{"href":"https:\/\/anchor-travel.ro\/index.php?rest_route=\/wp\/v2\/pages"}],"about":[{"href":"https:\/\/anchor-travel.ro\/index.php?rest_route=\/wp\/v2\/types\/page"}],"author":[{"embeddable":true,"href":"https:\/\/anchor-travel.ro\/index.php?rest_route=\/wp\/v2\/users\/1"}],"replies":[{"embeddable":true,"href":"https:\/\/anchor-travel.ro\/index.php?rest_route=%2Fwp%2Fv2%2Fcomments&post=64"}],"version-history":[{"count":140,"href":"https:\/\/anchor-travel.ro\/index.php?rest_route=\/wp\/v2\/pages\/64\/revisions"}],"predecessor-version":[{"id":3572,"href":"https:\/\/anchor-travel.ro\/index.php?rest_route=\/wp\/v2\/pages\/64\/revisions\/3572"}],"wp:attachment":[{"href":"https:\/\/anchor-travel.ro\/index.php?rest_route=%2Fwp%2Fv2%2Fmedia&parent=64"}],"curies":[{"name":"wp","href":"https:\/\/api.w.org\/{rel}","templated":true}]}}